{"id":604,"date":"2019-11-11T19:00:47","date_gmt":"2019-11-11T18:00:47","guid":{"rendered":"https:\/\/erik-marquardt.eu\/?page_id=604"},"modified":"2020-11-06T11:46:40","modified_gmt":"2020-11-06T10:46:40","slug":"impressum","status":"publish","type":"page","link":"https:\/\/erik-marquardt.eu\/en\/imprint\/","title":{"rendered":"Imprint"},"content":{"rendered":"<h5 class=\"wp-block-heading\">Information according to \u00a7 5 TMG<\/h5>\n\n\n\n<p><strong>Erik Marquardt<br><\/strong>European Parliament<br>B\u00e2t. ALTIERO SPINELLI<br>08H165<br>60, rue Wiertz \/ Wiertzstraat 60<br>B-1047 Bruxelles\/Brussels<\/p>\n\n\n\n<p><strong>Tel. Brussels: <\/strong>+32 2 28 45851<\/p>\n\n\n\n<p><strong>E-mail:<\/strong> <a href=\"mailto:erik.marquardt@ep.europa.eu\">Show email<\/a><\/p>\n\n\n\n<h5 class=\"wp-block-heading\">Liability for links<\/h5>\n\n\n\n<p>our offer contains links to external websites of third parties, on the contents of which we have no influence. therefore we cannot assume any liability for these external contents. the respective provider or operator of the sites is always responsible for the contents of the linked sites. the linked sites were checked for possible legal violations at the time of linking. illegal contents were not recognizable at the time of linking. however, a permanent control of the contents of the linked sites is not reasonable without concrete evidence of a legal violation. if legal violations become known, we will immediately remove such links.<\/p>\n\n\n\n<h5 class=\"wp-block-heading\">Reference to EU Dispute Settlement<\/h5>\n\n\n\n<p>The European Commission provides a platform for online dispute resolution (OS): <a href=\"https:\/\/ec.europa.eu\/consumers\/odr\">https:\/\/ec.europa.eu\/consumers\/odr<\/a> -You can find my e-mail address in the imprint above.<\/p>\n\n\n\n<h5 class=\"wp-block-heading\">Data protection<\/h5>\n\n\n\n<ul class=\"wp-block-list\"><li><a href=\"https:\/\/erik-marquardt.eu\/en\/datenschutz\/\"><strong>To the privacy policy<\/strong><\/a><\/li><li><a href=\"https:\/\/erik-marquardt.eu\/en\/cookie-richtlinie\/\"><strong>About the Cookie Policy<\/strong><\/a><\/li><\/ul>","protected":false},"excerpt":{"rendered":"<p>Information pursuant to \u00a7 5 TMG Erik MarquardtParlement europ\u00e9enB\u00e2t. ALTIERO SPINELLI08H16560, rue Wiertz \/ Wiertzstraat 60B-1047 Bruxelles\/Brussel Tel. Brussels: +32 2 28 45851 E-mail: Show e-mail Liability for links Our offer contains links to external websites of third parties, on whose contents we have no influence. Therefore, we cannot assume any liability for these external contents. For &hellip;<\/p>","protected":false},"author":1,"featured_media":0,"parent":0,"menu_order":0,"comment_status":"closed","ping_status":"closed","template":"","meta":{"_FSMCFIC_featured_image_caption":"","_FSMCFIC_featured_image_nocaption":"","_FSMCFIC_featured_image_hide":"","footnotes":""},"class_list":["post-604","page","type-page","status-publish","hentry","post","without-featured-image"],"yoast_head":"<!-- This site is optimized with the Yoast SEO plugin v27.4 - https:\/\/yoast.com\/product\/yoast-seo-wordpress\/ -->\n<title>Impressum - Erik Marquardt<\/title>\n<meta name=\"robots\" content=\"index, follow, max-snippet:-1, max-image-preview:large, max-video-preview:-1\" \/>\n<link rel=\"canonical\" href=\"https:\/\/erik-marquardt.eu\/en\/impressum\/\" \/>\n<meta property=\"og:locale\" content=\"en_GB\" \/>\n<meta property=\"og:type\" content=\"article\" \/>\n<meta property=\"og:title\" content=\"Impressum - Erik Marquardt\" \/>\n<meta property=\"og:description\" content=\"Angaben gem\u00e4\u00df \u00a7 5 TMG Erik MarquardtParlement europ\u00e9enB\u00e2t. ALTIERO SPINELLI08H16560, rue Wiertz \/ Wiertzstraat 60B-1047 Bruxelles\/Brussel Tel. Br\u00fcssel: +32 2 28 45851 E-Mail: E-Mail anzeigen Haftung f\u00fcr Links Unser Angebot enth\u00e4lt Links zu externen Webseiten Dritter, auf deren Inhalte wir keinen Einfluss haben. Deshalb k\u00f6nnen wir f\u00fcr diese fremden Inhalte auch keine Gew\u00e4hr \u00fcbernehmen. F\u00fcr &hellip;\" \/>\n<meta property=\"og:url\" content=\"https:\/\/erik-marquardt.eu\/en\/impressum\/\" \/>\n<meta property=\"og:site_name\" content=\"Erik Marquardt\" \/>\n<meta property=\"article:modified_time\" content=\"2020-11-06T10:46:40+00:00\" \/>\n<meta name=\"twitter:card\" content=\"summary_large_image\" \/>\n<meta name=\"twitter:label1\" content=\"Estimated reading time\" \/>\n\t<meta name=\"twitter:data1\" content=\"1 minute\" \/>\n<script type=\"application\/ld+json\" class=\"yoast-schema-graph\">{\"@context\":\"https:\\\/\\\/schema.org\",\"@graph\":[{\"@type\":\"WebPage\",\"@id\":\"https:\\\/\\\/erik-marquardt.eu\\\/impressum\\\/\",\"url\":\"https:\\\/\\\/erik-marquardt.eu\\\/impressum\\\/\",\"name\":\"Impressum - Erik Marquardt\",\"isPartOf\":{\"@id\":\"https:\\\/\\\/erik-marquardt.eu\\\/#website\"},\"datePublished\":\"2019-11-11T18:00:47+00:00\",\"dateModified\":\"2020-11-06T10:46:40+00:00\",\"breadcrumb\":{\"@id\":\"https:\\\/\\\/erik-marquardt.eu\\\/impressum\\\/#breadcrumb\"},\"inLanguage\":\"en-GB\",\"potentialAction\":[{\"@type\":\"ReadAction\",\"target\":[\"https:\\\/\\\/erik-marquardt.eu\\\/impressum\\\/\"]}]},{\"@type\":\"BreadcrumbList\",\"@id\":\"https:\\\/\\\/erik-marquardt.eu\\\/impressum\\\/#breadcrumb\",\"itemListElement\":[{\"@type\":\"ListItem\",\"position\":1,\"name\":\"Startseite\",\"item\":\"http:\\\/\\\/erik-marquardt.eu\\\/en\\\/\"},{\"@type\":\"ListItem\",\"position\":2,\"name\":\"Impressum\"}]},{\"@type\":\"WebSite\",\"@id\":\"https:\\\/\\\/erik-marquardt.eu\\\/#website\",\"url\":\"https:\\\/\\\/erik-marquardt.eu\\\/\",\"name\":\"Erik Marquardt\",\"description\":\"Mitglied des Europ\u00e4ischen Parlaments \",\"publisher\":{\"@id\":\"https:\\\/\\\/erik-marquardt.eu\\\/#\\\/schema\\\/person\\\/ae6a90f9433e208a6be9ba844e6cff23\"},\"potentialAction\":[{\"@type\":\"SearchAction\",\"target\":{\"@type\":\"EntryPoint\",\"urlTemplate\":\"https:\\\/\\\/erik-marquardt.eu\\\/?s={search_term_string}\"},\"query-input\":{\"@type\":\"PropertyValueSpecification\",\"valueRequired\":true,\"valueName\":\"search_term_string\"}}],\"inLanguage\":\"en-GB\"},{\"@type\":[\"Person\",\"Organization\"],\"@id\":\"https:\\\/\\\/erik-marquardt.eu\\\/#\\\/schema\\\/person\\\/ae6a90f9433e208a6be9ba844e6cff23\",\"name\":\"Erik Marquardt\",\"image\":{\"@type\":\"ImageObject\",\"inLanguage\":\"en-GB\",\"@id\":\"https:\\\/\\\/erik-marquardt.eu\\\/wp-content\\\/uploads\\\/2025\\\/12\\\/erik-markquardt_combined-logo_same-size.svg\",\"url\":\"https:\\\/\\\/erik-marquardt.eu\\\/wp-content\\\/uploads\\\/2025\\\/12\\\/erik-markquardt_combined-logo_same-size.svg\",\"contentUrl\":\"https:\\\/\\\/erik-marquardt.eu\\\/wp-content\\\/uploads\\\/2025\\\/12\\\/erik-markquardt_combined-logo_same-size.svg\",\"width\":370,\"height\":123,\"caption\":\"Erik Marquardt\"},\"logo\":{\"@id\":\"https:\\\/\\\/erik-marquardt.eu\\\/wp-content\\\/uploads\\\/2025\\\/12\\\/erik-markquardt_combined-logo_same-size.svg\"}}]}<\/script>\n<!-- \/ Yoast SEO plugin. -->","yoast_head_json":{"title":"Imprint - Erik Marquardt","robots":{"index":"index","follow":"follow","max-snippet":"max-snippet:-1","max-image-preview":"max-image-preview:large","max-video-preview":"max-video-preview:-1"},"canonical":"https:\/\/erik-marquardt.eu\/en\/impressum\/","og_locale":"en_GB","og_type":"article","og_title":"Impressum - Erik Marquardt","og_description":"Angaben gem\u00e4\u00df \u00a7 5 TMG Erik MarquardtParlement europ\u00e9enB\u00e2t. ALTIERO SPINELLI08H16560, rue Wiertz \/ Wiertzstraat 60B-1047 Bruxelles\/Brussel Tel. Br\u00fcssel: +32 2 28 45851 E-Mail: E-Mail anzeigen Haftung f\u00fcr Links Unser Angebot enth\u00e4lt Links zu externen Webseiten Dritter, auf deren Inhalte wir keinen Einfluss haben. Deshalb k\u00f6nnen wir f\u00fcr diese fremden Inhalte auch keine Gew\u00e4hr \u00fcbernehmen. F\u00fcr &hellip;","og_url":"https:\/\/erik-marquardt.eu\/en\/impressum\/","og_site_name":"Erik Marquardt","article_modified_time":"2020-11-06T10:46:40+00:00","twitter_card":"summary_large_image","twitter_misc":{"Estimated reading time":"1 minute"},"schema":{"@context":"https:\/\/schema.org","@graph":[{"@type":"WebPage","@id":"https:\/\/erik-marquardt.eu\/impressum\/","url":"https:\/\/erik-marquardt.eu\/impressum\/","name":"Imprint - Erik Marquardt","isPartOf":{"@id":"https:\/\/erik-marquardt.eu\/#website"},"datePublished":"2019-11-11T18:00:47+00:00","dateModified":"2020-11-06T10:46:40+00:00","breadcrumb":{"@id":"https:\/\/erik-marquardt.eu\/impressum\/#breadcrumb"},"inLanguage":"en-GB","potentialAction":[{"@type":"ReadAction","target":["https:\/\/erik-marquardt.eu\/impressum\/"]}]},{"@type":"BreadcrumbList","@id":"https:\/\/erik-marquardt.eu\/impressum\/#breadcrumb","itemListElement":[{"@type":"ListItem","position":1,"name":"Startseite","item":"http:\/\/erik-marquardt.eu\/en\/"},{"@type":"ListItem","position":2,"name":"Impressum"}]},{"@type":"WebSite","@id":"https:\/\/erik-marquardt.eu\/#website","url":"https:\/\/erik-marquardt.eu\/","name":"Erik Marquardt","description":"Member of the European Parliament","publisher":{"@id":"https:\/\/erik-marquardt.eu\/#\/schema\/person\/ae6a90f9433e208a6be9ba844e6cff23"},"potentialAction":[{"@type":"SearchAction","target":{"@type":"EntryPoint","urlTemplate":"https:\/\/erik-marquardt.eu\/?s={search_term_string}"},"query-input":{"@type":"PropertyValueSpecification","valueRequired":true,"valueName":"search_term_string"}}],"inLanguage":"en-GB"},{"@type":["Person","Organization"],"@id":"https:\/\/erik-marquardt.eu\/#\/schema\/person\/ae6a90f9433e208a6be9ba844e6cff23","name":"Erik Marquardt","image":{"@type":"ImageObject","inLanguage":"en-GB","@id":"https:\/\/erik-marquardt.eu\/wp-content\/uploads\/2025\/12\/erik-markquardt_combined-logo_same-size.svg","url":"https:\/\/erik-marquardt.eu\/wp-content\/uploads\/2025\/12\/erik-markquardt_combined-logo_same-size.svg","contentUrl":"https:\/\/erik-marquardt.eu\/wp-content\/uploads\/2025\/12\/erik-markquardt_combined-logo_same-size.svg","width":370,"height":123,"caption":"Erik Marquardt"},"logo":{"@id":"https:\/\/erik-marquardt.eu\/wp-content\/uploads\/2025\/12\/erik-markquardt_combined-logo_same-size.svg"}}]}},"featured_image_src":null,"featured_image_src_square":null,"jetpack_sharing_enabled":true,"_links":{"self":[{"href":"https:\/\/erik-marquardt.eu\/en\/wp-json\/wp\/v2\/pages\/604","targetHints":{"allow":["GET"]}}],"collection":[{"href":"https:\/\/erik-marquardt.eu\/en\/wp-json\/wp\/v2\/pages"}],"about":[{"href":"https:\/\/erik-marquardt.eu\/en\/wp-json\/wp\/v2\/types\/page"}],"author":[{"embeddable":true,"href":"https:\/\/erik-marquardt.eu\/en\/wp-json\/wp\/v2\/users\/1"}],"replies":[{"embeddable":true,"href":"https:\/\/erik-marquardt.eu\/en\/wp-json\/wp\/v2\/comments?post=604"}],"version-history":[{"count":0,"href":"https:\/\/erik-marquardt.eu\/en\/wp-json\/wp\/v2\/pages\/604\/revisions"}],"wp:attachment":[{"href":"https:\/\/erik-marquardt.eu\/en\/wp-json\/wp\/v2\/media?parent=604"}],"curies":[{"name":"wp","href":"https:\/\/api.w.org\/{rel}","templated":true}]}}