{"id":2875,"date":"2021-10-21T13:15:00","date_gmt":"2021-10-21T11:15:00","guid":{"rendered":"https:\/\/erik-marquardt.eu\/?page_id=2875"},"modified":"2026-01-12T22:19:41","modified_gmt":"2026-01-12T21:19:41","slug":"news-from-borders","status":"publish","type":"page","link":"https:\/\/erik-marquardt.eu\/en\/blog\/news-from-borders\/","title":{"rendered":"News from the Borders"},"content":{"rendered":"<p>Here I inform you daily about everything that is happening in European asylum and migration policy and at the external borders.<\/p>\n\n\n\n<p>The Border-News is also delivered daily directly to your mobile phone: <a href=\"https:\/\/t.me\/erikmarquardt\">Here&#8217;s the link to the Telegram-Channel<\/a>.<\/p>\n\n\n\n<div class=\"wp-block-query is-layout-flow wp-block-query-is-layout-flow\"><ul class=\"wp-block-post-template is-layout-flow wp-block-post-template-is-layout-flow\"><li class=\"wp-block-post post-11398 post type-post status-publish format-standard has-post-thumbnail hentry category-news-from-the-borders with-featured-image\">\n<h2 class=\"wp-block-post-title\"><a href=\"https:\/\/erik-marquardt.eu\/en\/news-from-the-borders-16-04-2026\/\" target=\"_self\" >News from the Borders 16.04.2026<\/a><\/h2>\n\n<div class=\"wp-block-post-date\"><time datetime=\"2026-04-16T18:01:54+02:00\">16. April 2026<\/time><\/div>\n\n<div class=\"wp-block-post-excerpt\"><p class=\"wp-block-post-excerpt__excerpt\">\u25b6\ufe0f Ich durfte in der FR erkl\u00e4ren, warum die neue EU-Abschiebeverordnung reine Symbolpolitik ist, die keine Probleme l\u00f6sen, aber Menschenrechte verletzen wird.\u2796Zu meiner Kritik \u25b6\ufe0f Vor der K\u00fcste der griechischen Insel Kreta wurden mehr als 300 Schutzsuchende aus Libyen von der griechischen K\u00fcstenwache gerettet.\u2796Info Migrants berichtet (en) \u25b6\ufe0f Viele afghanische Gefl\u00fcchtete in Polen f\u00fcrchten, nach&hellip; <\/p><\/div>\n\n\n<hr class=\"wp-block-separator has-css-opacity\"\/>\n\n<\/li><li class=\"wp-block-post post-11399 post type-post status-publish format-standard has-post-thumbnail hentry category-news-from-the-borders with-featured-image\">\n<h2 class=\"wp-block-post-title\"><a href=\"https:\/\/erik-marquardt.eu\/en\/news-from-the-borders-15-04-2026\/\" target=\"_self\" >News from the Borders 15.04.2026<\/a><\/h2>\n\n<div class=\"wp-block-post-date\"><time datetime=\"2026-04-15T18:01:55+02:00\">15. April 2026<\/time><\/div>\n\n<div class=\"wp-block-post-excerpt\"><p class=\"wp-block-post-excerpt__excerpt\">\u25b6\ufe0f Die Crew des zivilen Rettungsschiffs Nadir hat 53 Schutzsuchende aus Seenot gerettet, darunter auch mehrere Minderj\u00e4hrige und ein zweij\u00e4hriges Kind.\u2796Zum Post von RESQSHIP (en) \u25b6\ufe0f Weil die Bundesregierung im Februar die freiwilligen Integrationskurse gestrichen hat, haben viele Gefl\u00fcchtete Angst, noch st\u00e4rker isoliert zu werden.\u00a0\u2796Info Migrants berichtet (en) \u00a0 \u25b6\ufe0f Eine BBC-Recherche zeigt, dass die&hellip; <\/p><\/div>\n\n\n<hr class=\"wp-block-separator has-css-opacity\"\/>\n\n<\/li><li class=\"wp-block-post post-11400 post type-post status-publish format-standard has-post-thumbnail hentry category-news-from-the-borders with-featured-image\">\n<h2 class=\"wp-block-post-title\"><a href=\"https:\/\/erik-marquardt.eu\/en\/news-from-the-borders-14-04-2026\/\" target=\"_self\" >News from the Borders 14.04.2026<\/a><\/h2>\n\n<div class=\"wp-block-post-date\"><time datetime=\"2026-04-14T17:35:24+02:00\">14. April 2026<\/time><\/div>\n\n<div class=\"wp-block-post-excerpt\"><p class=\"wp-block-post-excerpt__excerpt\">\u25b6\ufe0f Sea-Watch verklagt die libysche K\u00fcstenwache, weil sie im September 2025 die Crew und gerettete Schutzsuchende an Bord ihres Rettungsschiffs bedroht und beschossen hat. \u2796Zur PM von Sea-Watch \u25b6\ufe0f Kurz vor der Sudan-Konferenz in Berlin geht die \u00e4gyptische Regierung immer brutaler gegen sudanesische Gefl\u00fcchtete vor &#8211; vor allem, um sie daran zu hindern, nach Europa&hellip; <\/p><\/div>\n\n\n<hr class=\"wp-block-separator has-css-opacity\"\/>\n\n<\/li><li class=\"wp-block-post post-11401 post type-post status-publish format-standard has-post-thumbnail hentry category-news-from-the-borders with-featured-image\">\n<h2 class=\"wp-block-post-title\"><a href=\"https:\/\/erik-marquardt.eu\/en\/news-from-the-borders-13-04-2026\/\" target=\"_self\" >News from the Borders 13.04.2026<\/a><\/h2>\n\n<div class=\"wp-block-post-date\"><time datetime=\"2026-04-14T17:34:14+02:00\">14. April 2026<\/time><\/div>\n\n<div class=\"wp-block-post-excerpt\"><p class=\"wp-block-post-excerpt__excerpt\">\u25b6\ufe0f Laut Alarm Phone werden im Atlantik rund 700 Schutzsuchende aus Gambia vermisst, die zu den Kanarischen Inseln fliehen wollten, dort aber nie ankamen. \u2796Zum Post von Alarm Phone (en) \u25b6\ufe0f Die \u00e4thiopische Polizei hat mehrere Menschenh\u00e4ndler festgenommen, die f\u00fcr die Ermordung, Folter und Inhaftierung von Gefl\u00fcchteten in Libyen verantwortlich sein sollen. \u2796Info Migrants berichtet&hellip; <\/p><\/div>\n\n\n<hr class=\"wp-block-separator has-css-opacity\"\/>\n\n<\/li><li class=\"wp-block-post post-11402 post type-post status-publish format-standard has-post-thumbnail hentry category-news-from-the-borders with-featured-image\">\n<h2 class=\"wp-block-post-title\"><a href=\"https:\/\/erik-marquardt.eu\/en\/news-from-the-borders-10-04-2026\/\" target=\"_self\" >News from the Borders 10.04.2026<\/a><\/h2>\n\n<div class=\"wp-block-post-date\"><time datetime=\"2026-04-10T17:05:09+02:00\">10. April 2026<\/time><\/div>\n\n<div class=\"wp-block-post-excerpt\"><p class=\"wp-block-post-excerpt__excerpt\">\u25b6\ufe0f Gestern sind mindestens vier Schutzsuchende bei dem Versuch gestorben, \u00fcber den \u00c4rmelkanal nach Gro\u00dfbritannien zu fl\u00fcchten.\u2796Zum Post von InfoMigrants \u25b6\ufe0f Diese Woche wurden mindestens 179 Schutzsuchende illegalerweise daran gehindert, Asyl in Griechenland zu suchen.\u2796Mehr dazu bei Aegean Boat Report \u25b6\ufe0f Daten zeigen, dass die EU-Abschottungspolitik bei Migration nicht dazu f\u00fchrt, dass weniger Menschen Schutz&hellip; <\/p><\/div>\n\n\n<hr class=\"wp-block-separator has-css-opacity\"\/>\n\n<\/li><li class=\"wp-block-post post-11403 post type-post status-publish format-standard has-post-thumbnail hentry category-news-from-the-borders with-featured-image\">\n<h2 class=\"wp-block-post-title\"><a href=\"https:\/\/erik-marquardt.eu\/en\/news-from-the-borders-09-04-2026\/\" target=\"_self\" >News from the Borders 09.04.2026<\/a><\/h2>\n\n<div class=\"wp-block-post-date\"><time datetime=\"2026-04-09T18:10:40+02:00\">9. April 2026<\/time><\/div>\n\n<div class=\"wp-block-post-excerpt\"><p class=\"wp-block-post-excerpt__excerpt\">\u25b6\ufe0f Report Mainz zeigt die unmenschlichen Zust\u00e4nde in deutschen Fl\u00fcchtlingsheimen.\u2796Zum Video \u25b6\ufe0f Seit Frankreich seine Kontrollen massiv versch\u00e4rft hat, versuchen immer mehr Schutzsuchende, \u00fcber die gef\u00e4hrlichere Route von Belgien nach Gro\u00dfbritannien zu fliehen.\u2796Zum Artikel \u25b6\ufe0f Obwohl viele Minderheiten in Syrien nach wie vor gewaltsam verfolgt werden, erhalten die meisten von ihnen keinen Schutz mehr in&hellip; <\/p><\/div>\n\n\n<hr class=\"wp-block-separator has-css-opacity\"\/>\n\n<\/li><li class=\"wp-block-post post-11404 post type-post status-publish format-standard has-post-thumbnail hentry category-news-from-the-borders with-featured-image\">\n<h2 class=\"wp-block-post-title\"><a href=\"https:\/\/erik-marquardt.eu\/en\/news-from-the-borders-08-04-2026\/\" target=\"_self\" >News from the Borders 08.04.2026<\/a><\/h2>\n\n<div class=\"wp-block-post-date\"><time datetime=\"2026-04-08T18:05:05+02:00\">8. April 2026<\/time><\/div>\n\n<div class=\"wp-block-post-excerpt\"><p class=\"wp-block-post-excerpt__excerpt\">\u25b6\ufe0f Ein Bericht der We Are Monitoring Association zeigt, dass Schutzsuchende an der polnisch-belarussischen Grenze systematischer Gewalt und illegalen Pushbacks ausgesetzt sind.\u2796Zum Artikel \u25b6\ufe0f Seit Jahresbeginn sind im Mittelmeer rund 1000 Menschen auf der Flucht gestorben, das sind 460 Schutzsuchende mehr als im gleichen Zeitraum letztes Jahr.\u2796Zum Artikel \u25b6\ufe0f Obwohl ein neuer UN-Bericht die systematischen&hellip; <\/p><\/div>\n\n\n<hr class=\"wp-block-separator has-css-opacity\"\/>\n\n<\/li><li class=\"wp-block-post post-11405 post type-post status-publish format-standard has-post-thumbnail hentry category-news-from-the-borders with-featured-image\">\n<h2 class=\"wp-block-post-title\"><a href=\"https:\/\/erik-marquardt.eu\/en\/news-from-the-borders-07-04-2026\/\" target=\"_self\" >News from the Borders 07.04.2026<\/a><\/h2>\n\n<div class=\"wp-block-post-date\"><time datetime=\"2026-04-08T18:04:48+02:00\">8. April 2026<\/time><\/div>\n\n<div class=\"wp-block-post-excerpt\"><p class=\"wp-block-post-excerpt__excerpt\">\u25b6\ufe0f Italienische Beh\u00f6rden haben das zivile Seenotrettungsschiff Aurora festgesetzt, weil die Crew 44 Schutzsuchende von einer verlassenen \u00d6lplattform gerettet hat.\u2796Zur PM von Sea-Watch \u25b6\ufe0f \u00dcber das Osterwochenende ist ein Boot mit 105 Schutzsuchenden im Mittelmeer gekentert, zwei von ihnen sind tot, 71 weitere Menschen werden vermisst.\u2796Zum Bluesky-Post \u25b6\ufe0f 128 Bundestagsabgeordnete der Gr\u00fcnen, Linken und SPD&hellip; <\/p><\/div>\n\n\n<hr class=\"wp-block-separator has-css-opacity\"\/>\n\n<\/li><li class=\"wp-block-post post-11406 post type-post status-publish format-standard has-post-thumbnail hentry category-news-from-the-borders with-featured-image\">\n<h2 class=\"wp-block-post-title\"><a href=\"https:\/\/erik-marquardt.eu\/en\/news-from-the-borders-31-03-2026\/\" target=\"_self\" >News from the Borders 31.03.2026<\/a><\/h2>\n\n<div class=\"wp-block-post-date\"><time datetime=\"2026-03-31T17:32:24+02:00\">31. March 2026<\/time><\/div>\n\n<div class=\"wp-block-post-excerpt\"><p class=\"wp-block-post-excerpt__excerpt\">\u25b6\ufe0f Um Abschiebungen nach Syrien zu beschleunigen, hat Bundeskanzler Merz den syrischen \u00dcbergangspr\u00e4sidenten Ahmed al-Scharaa in Berlin empfangen \u2013 obwohl dieser f\u00fcr schwere Menschenrechtsverletzungen verantwortlich sein soll. \u2796Die taz berichtet \u25b6\ufe0f Ein Gericht in Italien hat entschieden, dass die Festsetzung des Rettungsschiffs Geo Barents von \u00c4rzte ohne Grenzen im August 2024 rechtswidrig war.\u2796Zur PM von&hellip; <\/p><\/div>\n\n\n<hr class=\"wp-block-separator has-css-opacity\"\/>\n\n<\/li><li class=\"wp-block-post post-11407 post type-post status-publish format-standard has-post-thumbnail hentry category-news-from-the-borders with-featured-image\">\n<h2 class=\"wp-block-post-title\"><a href=\"https:\/\/erik-marquardt.eu\/en\/news-from-the-borders-30-03-2026\/\" target=\"_self\" >News from the Borders 30.03.2026<\/a><\/h2>\n\n<div class=\"wp-block-post-date\"><time datetime=\"2026-03-30T17:05:23+02:00\">30. March 2026<\/time><\/div>\n\n<div class=\"wp-block-post-excerpt\"><p class=\"wp-block-post-excerpt__excerpt\">\u25b6\ufe0f Nach einem illegalen Pull-back durch tunesische Beh\u00f6rden sind 19 Schutzsuchende tot aufgefunden worden und weitere 20 gelten als vermisst. \u2796Zum Post von Alarm Phone (en) \u25b6\ufe0f 22 Schutzsuchende sind auf der Flucht nach Europa gestorben, da sie ohne ausreichend Nahrung und Trinkwasser rund sechs Tage bei niedrigen Temperaturen im Mittelmeer trieben. \u2796Die taz berichtet&hellip; <\/p><\/div>\n\n\n<hr class=\"wp-block-separator has-css-opacity\"\/>\n\n<\/li><\/ul>\n\n<nav class=\"wp-block-query-pagination is-layout-flex wp-block-query-pagination-is-layout-flex\" aria-label=\"Pagination\">\n\n\n<div class=\"wp-block-query-pagination-numbers\"><span aria-current=\"page\" class=\"page-numbers current\">1<\/span>\n<a class=\"page-numbers\" href=\"?query-14-page=2\">2<\/a>\n<a class=\"page-numbers\" href=\"?query-14-page=3\">3<\/a>\n<span class=\"page-numbers dots\">&hellip;<\/span>\n<a class=\"page-numbers\" href=\"?query-14-page=24\">24<\/a><\/div>\n\n<a href=\"\/en\/wp-json\/wp\/v2\/pages\/2875?query-14-page=2\" class=\"wp-block-query-pagination-next\">Next Page<\/a>\n<\/nav><\/div>","protected":false},"excerpt":{"rendered":"<p>Hier informiere ich euch tagesaktuell \u00fcber alles, was in der europ\u00e4ischen Asyl- und Migrationspolitik und an den Au\u00dfengrenzen passiert. Die Border-News gibt es auch t\u00e4glich direkt aufs Handy: Hier geht&#8217;s zum Telegram-Channel.<\/p>","protected":false},"author":2,"featured_media":284,"parent":8,"menu_order":0,"comment_status":"closed","ping_status":"closed","template":"","meta":{"_FSMCFIC_featured_image_caption":"","_FSMCFIC_featured_image_nocaption":"","_FSMCFIC_featured_image_hide":"","footnotes":""},"class_list":["post-2875","page","type-page","status-publish","has-post-thumbnail","hentry","post","with-featured-image"],"yoast_head":"<!-- This site is optimized with the Yoast SEO plugin v27.4 - https:\/\/yoast.com\/product\/yoast-seo-wordpress\/ -->\n<title>News from the Borders - Erik Marquardt<\/title>\n<meta name=\"description\" content=\"Hier informiere ich tagesaktuell \u00fcber alles, was in der europ\u00e4ischen Asyl- und Migrationspolitik und an den Au\u00dfengrenzen passiert.\" \/>\n<meta name=\"robots\" content=\"index, follow, max-snippet:-1, max-image-preview:large, max-video-preview:-1\" \/>\n<link rel=\"canonical\" href=\"http:\/\/erik-marquardt.eu\/en\/blog\/news-from-borders\/\" \/>\n<link rel=\"next\" href=\"http:\/\/erik-marquardt.eu\/blog\/news-from-borders\/2875?query-14-page=2\" \/>\n<meta property=\"og:locale\" content=\"en_GB\" \/>\n<meta property=\"og:type\" content=\"article\" \/>\n<meta property=\"og:title\" content=\"News from the Borders\" \/>\n<meta property=\"og:description\" content=\"Hier informiere ich tagesaktuell \u00fcber alles, was in der europ\u00e4ischen Asyl- und Migrationspolitik und an den Au\u00dfengrenzen passiert.\" \/>\n<meta property=\"og:url\" content=\"http:\/\/erik-marquardt.eu\/en\/blog\/news-from-borders\/\" \/>\n<meta property=\"og:site_name\" content=\"Erik Marquardt\" \/>\n<meta property=\"article:modified_time\" content=\"2026-01-12T21:19:41+00:00\" \/>\n<meta property=\"og:image\" content=\"http:\/\/erik-marquardt.eu\/wp-content\/uploads\/2017\/12\/Balkanroute2015-7985.jpg\" \/>\n\t<meta property=\"og:image:width\" content=\"1860\" \/>\n\t<meta property=\"og:image:height\" content=\"1240\" \/>\n\t<meta property=\"og:image:type\" content=\"image\/jpeg\" \/>\n<meta name=\"twitter:card\" content=\"summary_large_image\" \/>\n<meta name=\"twitter:title\" content=\"News from the Borders\" \/>\n<meta name=\"twitter:description\" content=\"Hier informiere ich tagesaktuell \u00fcber alles, was in der europ\u00e4ischen Asyl- und Migrationspolitik und an den Au\u00dfengrenzen passiert.\" \/>\n<meta name=\"twitter:image\" content=\"https:\/\/erik-marquardt.eu\/wp-content\/uploads\/2017\/12\/Balkanroute2015-7985.jpg\" \/>\n<meta name=\"twitter:label1\" content=\"Estimated reading time\" \/>\n\t<meta name=\"twitter:data1\" content=\"1 minute\" \/>\n<script type=\"application\/ld+json\" class=\"yoast-schema-graph\">{\"@context\":\"https:\\\/\\\/schema.org\",\"@graph\":[{\"@type\":\"WebPage\",\"@id\":\"http:\\\/\\\/erik-marquardt.eu\\\/blog\\\/news-from-borders\\\/\",\"url\":\"http:\\\/\\\/erik-marquardt.eu\\\/blog\\\/news-from-borders\\\/\",\"name\":\"News from the Borders - Erik Marquardt\",\"isPartOf\":{\"@id\":\"https:\\\/\\\/erik-marquardt.eu\\\/#website\"},\"primaryImageOfPage\":{\"@id\":\"http:\\\/\\\/erik-marquardt.eu\\\/blog\\\/news-from-borders\\\/#primaryimage\"},\"image\":{\"@id\":\"http:\\\/\\\/erik-marquardt.eu\\\/blog\\\/news-from-borders\\\/#primaryimage\"},\"thumbnailUrl\":\"https:\\\/\\\/erik-marquardt.eu\\\/wp-content\\\/uploads\\\/2017\\\/12\\\/Balkanroute2015-7985.jpg\",\"datePublished\":\"2021-10-21T11:15:00+00:00\",\"dateModified\":\"2026-01-12T21:19:41+00:00\",\"description\":\"Hier informiere ich tagesaktuell \u00fcber alles, was in der europ\u00e4ischen Asyl- und Migrationspolitik und an den Au\u00dfengrenzen passiert.\",\"breadcrumb\":{\"@id\":\"http:\\\/\\\/erik-marquardt.eu\\\/blog\\\/news-from-borders\\\/#breadcrumb\"},\"inLanguage\":\"en-GB\",\"potentialAction\":[{\"@type\":\"ReadAction\",\"target\":[\"http:\\\/\\\/erik-marquardt.eu\\\/blog\\\/news-from-borders\\\/\"]}]},{\"@type\":\"ImageObject\",\"inLanguage\":\"en-GB\",\"@id\":\"http:\\\/\\\/erik-marquardt.eu\\\/blog\\\/news-from-borders\\\/#primaryimage\",\"url\":\"https:\\\/\\\/erik-marquardt.eu\\\/wp-content\\\/uploads\\\/2017\\\/12\\\/Balkanroute2015-7985.jpg\",\"contentUrl\":\"https:\\\/\\\/erik-marquardt.eu\\\/wp-content\\\/uploads\\\/2017\\\/12\\\/Balkanroute2015-7985.jpg\",\"width\":1860,\"height\":1240,\"caption\":\"Foto: Erik Marquardt\"},{\"@type\":\"BreadcrumbList\",\"@id\":\"http:\\\/\\\/erik-marquardt.eu\\\/blog\\\/news-from-borders\\\/#breadcrumb\",\"itemListElement\":[{\"@type\":\"ListItem\",\"position\":1,\"name\":\"Startseite\",\"item\":\"http:\\\/\\\/erik-marquardt.eu\\\/en\\\/\"},{\"@type\":\"ListItem\",\"position\":2,\"name\":\"Blog\",\"item\":\"https:\\\/\\\/erik-marquardt.eu\\\/blog\\\/\"},{\"@type\":\"ListItem\",\"position\":3,\"name\":\"News from the Borders\"}]},{\"@type\":\"WebSite\",\"@id\":\"https:\\\/\\\/erik-marquardt.eu\\\/#website\",\"url\":\"https:\\\/\\\/erik-marquardt.eu\\\/\",\"name\":\"Erik Marquardt\",\"description\":\"Mitglied des Europ\u00e4ischen Parlaments \",\"publisher\":{\"@id\":\"https:\\\/\\\/erik-marquardt.eu\\\/#\\\/schema\\\/person\\\/ae6a90f9433e208a6be9ba844e6cff23\"},\"potentialAction\":[{\"@type\":\"SearchAction\",\"target\":{\"@type\":\"EntryPoint\",\"urlTemplate\":\"https:\\\/\\\/erik-marquardt.eu\\\/?s={search_term_string}\"},\"query-input\":{\"@type\":\"PropertyValueSpecification\",\"valueRequired\":true,\"valueName\":\"search_term_string\"}}],\"inLanguage\":\"en-GB\"},{\"@type\":[\"Person\",\"Organization\"],\"@id\":\"https:\\\/\\\/erik-marquardt.eu\\\/#\\\/schema\\\/person\\\/ae6a90f9433e208a6be9ba844e6cff23\",\"name\":\"Erik Marquardt\",\"image\":{\"@type\":\"ImageObject\",\"inLanguage\":\"en-GB\",\"@id\":\"https:\\\/\\\/erik-marquardt.eu\\\/wp-content\\\/uploads\\\/2025\\\/12\\\/erik-markquardt_combined-logo_same-size.svg\",\"url\":\"https:\\\/\\\/erik-marquardt.eu\\\/wp-content\\\/uploads\\\/2025\\\/12\\\/erik-markquardt_combined-logo_same-size.svg\",\"contentUrl\":\"https:\\\/\\\/erik-marquardt.eu\\\/wp-content\\\/uploads\\\/2025\\\/12\\\/erik-markquardt_combined-logo_same-size.svg\",\"width\":370,\"height\":123,\"caption\":\"Erik Marquardt\"},\"logo\":{\"@id\":\"https:\\\/\\\/erik-marquardt.eu\\\/wp-content\\\/uploads\\\/2025\\\/12\\\/erik-markquardt_combined-logo_same-size.svg\"}}]}<\/script>\n<!-- \/ Yoast SEO plugin. -->","yoast_head_json":{"title":"News from the Borders - Erik Marquardt","description":"Here I provide daily updates on everything that is happening in European asylum and migration policy and at the external borders.","robots":{"index":"index","follow":"follow","max-snippet":"max-snippet:-1","max-image-preview":"max-image-preview:large","max-video-preview":"max-video-preview:-1"},"canonical":"http:\/\/erik-marquardt.eu\/en\/blog\/news-from-borders\/","next":"http:\/\/erik-marquardt.eu\/blog\/news-from-borders\/2875?query-14-page=2","og_locale":"en_GB","og_type":"article","og_title":"News from the Borders","og_description":"Hier informiere ich tagesaktuell \u00fcber alles, was in der europ\u00e4ischen Asyl- und Migrationspolitik und an den Au\u00dfengrenzen passiert.","og_url":"http:\/\/erik-marquardt.eu\/en\/blog\/news-from-borders\/","og_site_name":"Erik Marquardt","article_modified_time":"2026-01-12T21:19:41+00:00","og_image":[{"width":1860,"height":1240,"url":"http:\/\/erik-marquardt.eu\/wp-content\/uploads\/2017\/12\/Balkanroute2015-7985.jpg","type":"image\/jpeg"}],"twitter_card":"summary_large_image","twitter_title":"News from the Borders","twitter_description":"Hier informiere ich tagesaktuell \u00fcber alles, was in der europ\u00e4ischen Asyl- und Migrationspolitik und an den Au\u00dfengrenzen passiert.","twitter_image":"https:\/\/erik-marquardt.eu\/wp-content\/uploads\/2017\/12\/Balkanroute2015-7985.jpg","twitter_misc":{"Estimated reading time":"1 minute"},"schema":{"@context":"https:\/\/schema.org","@graph":[{"@type":"WebPage","@id":"http:\/\/erik-marquardt.eu\/blog\/news-from-borders\/","url":"http:\/\/erik-marquardt.eu\/blog\/news-from-borders\/","name":"News from the Borders - Erik Marquardt","isPartOf":{"@id":"https:\/\/erik-marquardt.eu\/#website"},"primaryImageOfPage":{"@id":"http:\/\/erik-marquardt.eu\/blog\/news-from-borders\/#primaryimage"},"image":{"@id":"http:\/\/erik-marquardt.eu\/blog\/news-from-borders\/#primaryimage"},"thumbnailUrl":"https:\/\/erik-marquardt.eu\/wp-content\/uploads\/2017\/12\/Balkanroute2015-7985.jpg","datePublished":"2021-10-21T11:15:00+00:00","dateModified":"2026-01-12T21:19:41+00:00","description":"Here I provide daily updates on everything that is happening in European asylum and migration policy and at the external borders.","breadcrumb":{"@id":"http:\/\/erik-marquardt.eu\/blog\/news-from-borders\/#breadcrumb"},"inLanguage":"en-GB","potentialAction":[{"@type":"ReadAction","target":["http:\/\/erik-marquardt.eu\/blog\/news-from-borders\/"]}]},{"@type":"ImageObject","inLanguage":"en-GB","@id":"http:\/\/erik-marquardt.eu\/blog\/news-from-borders\/#primaryimage","url":"https:\/\/erik-marquardt.eu\/wp-content\/uploads\/2017\/12\/Balkanroute2015-7985.jpg","contentUrl":"https:\/\/erik-marquardt.eu\/wp-content\/uploads\/2017\/12\/Balkanroute2015-7985.jpg","width":1860,"height":1240,"caption":"Foto: Erik Marquardt"},{"@type":"BreadcrumbList","@id":"http:\/\/erik-marquardt.eu\/blog\/news-from-borders\/#breadcrumb","itemListElement":[{"@type":"ListItem","position":1,"name":"Startseite","item":"http:\/\/erik-marquardt.eu\/en\/"},{"@type":"ListItem","position":2,"name":"Blog","item":"https:\/\/erik-marquardt.eu\/blog\/"},{"@type":"ListItem","position":3,"name":"News from the Borders"}]},{"@type":"WebSite","@id":"https:\/\/erik-marquardt.eu\/#website","url":"https:\/\/erik-marquardt.eu\/","name":"Erik Marquardt","description":"Member of the European Parliament","publisher":{"@id":"https:\/\/erik-marquardt.eu\/#\/schema\/person\/ae6a90f9433e208a6be9ba844e6cff23"},"potentialAction":[{"@type":"SearchAction","target":{"@type":"EntryPoint","urlTemplate":"https:\/\/erik-marquardt.eu\/?s={search_term_string}"},"query-input":{"@type":"PropertyValueSpecification","valueRequired":true,"valueName":"search_term_string"}}],"inLanguage":"en-GB"},{"@type":["Person","Organization"],"@id":"https:\/\/erik-marquardt.eu\/#\/schema\/person\/ae6a90f9433e208a6be9ba844e6cff23","name":"Erik Marquardt","image":{"@type":"ImageObject","inLanguage":"en-GB","@id":"https:\/\/erik-marquardt.eu\/wp-content\/uploads\/2025\/12\/erik-markquardt_combined-logo_same-size.svg","url":"https:\/\/erik-marquardt.eu\/wp-content\/uploads\/2025\/12\/erik-markquardt_combined-logo_same-size.svg","contentUrl":"https:\/\/erik-marquardt.eu\/wp-content\/uploads\/2025\/12\/erik-markquardt_combined-logo_same-size.svg","width":370,"height":123,"caption":"Erik Marquardt"},"logo":{"@id":"https:\/\/erik-marquardt.eu\/wp-content\/uploads\/2025\/12\/erik-markquardt_combined-logo_same-size.svg"}}]}},"featured_image_src":"https:\/\/erik-marquardt.eu\/wp-content\/uploads\/2017\/12\/Balkanroute2015-7985.jpg","featured_image_src_square":"https:\/\/erik-marquardt.eu\/wp-content\/uploads\/2017\/12\/Balkanroute2015-7985.jpg","jetpack_sharing_enabled":true,"_links":{"self":[{"href":"https:\/\/erik-marquardt.eu\/en\/wp-json\/wp\/v2\/pages\/2875","targetHints":{"allow":["GET"]}}],"collection":[{"href":"https:\/\/erik-marquardt.eu\/en\/wp-json\/wp\/v2\/pages"}],"about":[{"href":"https:\/\/erik-marquardt.eu\/en\/wp-json\/wp\/v2\/types\/page"}],"author":[{"embeddable":true,"href":"https:\/\/erik-marquardt.eu\/en\/wp-json\/wp\/v2\/users\/2"}],"replies":[{"embeddable":true,"href":"https:\/\/erik-marquardt.eu\/en\/wp-json\/wp\/v2\/comments?post=2875"}],"version-history":[{"count":4,"href":"https:\/\/erik-marquardt.eu\/en\/wp-json\/wp\/v2\/pages\/2875\/revisions"}],"predecessor-version":[{"id":10413,"href":"https:\/\/erik-marquardt.eu\/en\/wp-json\/wp\/v2\/pages\/2875\/revisions\/10413"}],"up":[{"embeddable":true,"href":"https:\/\/erik-marquardt.eu\/en\/wp-json\/wp\/v2\/pages\/8"}],"wp:featuredmedia":[{"embeddable":true,"href":"https:\/\/erik-marquardt.eu\/en\/wp-json\/wp\/v2\/media\/284"}],"wp:attachment":[{"href":"https:\/\/erik-marquardt.eu\/en\/wp-json\/wp\/v2\/media?parent=2875"}],"curies":[{"name":"wp","href":"https:\/\/api.w.org\/{rel}","templated":true}]}}