{"id":1595,"date":"2024-03-25T10:22:57","date_gmt":"2024-03-25T09:22:57","guid":{"rendered":"https:\/\/erik-marquardt.eu\/?page_id=1595"},"modified":"2026-03-11T15:19:08","modified_gmt":"2026-03-11T14:19:08","slug":"transparenz","status":"publish","type":"page","link":"https:\/\/erik-marquardt.eu\/en\/transparency\/","title":{"rendered":"Transparency"},"content":{"rendered":"<h2 class=\"wp-block-heading\"><strong>Diet<\/strong><\/h2>\n\n\n\n<p>Mein regul\u00e4res Einkommen als Abgeordneter betr\u00e4gt seit dem 1.07.2025 im Monat \u20ac 11.255,26 brutto. Dieses Einkommen versteuere ich ganz normal in Deutschland.<\/p>\n\n\n\n<p>Dazu kommen Sitzungsgelder in H\u00f6he von \u20ac 359 pro Tag, an dem ich im Parlament in Br\u00fcssel arbeite. Ich bekomme dieses Geld, um die zus\u00e4tzlichen Kosten f\u00fcr Unterkunft und Verpflegung w\u00e4hrend des Aufenthalts in Br\u00fcssel und Stra\u00dfburg zu bezahlen. Manchmal werden mir Honorare f\u00fcr Vortr\u00e4ge angeboten, die ich in der Regel ablehne. Falls ich sie annehme, spende ich diese Nebeneink\u00fcnfte. Ich spende im Jahr ca. \u20ac 20.000 an gemeinn\u00fctzige Zwecke und meine Partei.<\/p>\n\n\n\n<h2 class=\"wp-block-heading\"><strong>Personnel costs<\/strong><\/h2>\n\n\n\n<p>Europaabgeordneten steht im Jahr 2026 ein monatliches Personalbudget von \u20ac  32.072 zur Verf\u00fcgung. Davon werden die Geh\u00e4lter und Sozialabgaben meiner derzeit sechs Mitarbeiter*innen bezahlt, von denen vier in Br\u00fcssel, einer in Berlin und eine in Halle arbeiten. Auch Praktikant*innen werden aus diesem Budget bezahlt, au\u00dferdem die Dienstreisen oder Fortbildungen meiner Mitarbeiter*innen. Mir ist wichtig, dass alle meine Mitarbeiter*innen inklusive der Praktikant*innen einen fairen Lohn bekommen, sodass der Personaletat vollst\u00e4ndig eingesetzt wird. Das Personalbudget wird nicht von den Europaabgeordneten selbst, sondern vom Europ\u00e4ischen Parlament verwaltet.<\/p>\n\n\n\n<h2 class=\"wp-block-heading\"><strong>Funds for public relations<\/strong><\/h2>\n\n\n\n<p>Allen Abgeordneten steht zus\u00e4tzlich ein Etat f\u00fcr politische \u00d6ffentlichkeitsarbeit zu, welches pro Jahr bei insgesamt \u20ac 48.500 liegt. Um diese Gelder abzurufen, muss jeder einzelne Antrag auf Konformit\u00e4t mit den Richtlinien \u00fcberpr\u00fcft und einzeln von der Fraktion bewilligt werden. Die bewilligten Gelder kann ich beispielsweise f\u00fcr Veranstaltungen oder Printprodukte wie Infobrosch\u00fcren einsetzen.<\/p>\n\n\n\n<h2 class=\"wp-block-heading\"><strong>General expenditure allowance<\/strong><\/h2>\n\n\n\n<p>Um B\u00fcrokosten und andere allgemeine Ausgaben bezahlen zu k\u00f6nnen, erhalte ich, wie alle Abgeordneten, monatlich \u20ac 4.950  auf ein extra zu diesem Zweck eingerichtetes Konto. Diese Mittel verwende ich beispielsweise f\u00fcr meine B\u00fcromieten in Berlin und Halle, Telefonkosten meines Teams, Hardware und Software f\u00fcr mein Team, Portokosten, B\u00fcromaterialien und \u00e4hnliche Kosten dieser Art.<\/p>\n\n\n\n<p>In recent years, our Green Group has repeatedly pointed out that the use of the general cost allowance is not transparent enough. However, since so far all motions to revise the rules have been rejected or have not yet been implemented, the Greens\/EFA have made a voluntary commitment on 1 July 2017 to create more transparency: we want to ensure that MEPs' handling of the money from the general expenses allowance becomes more comprehensible.&nbsp;<\/p>\n\n\n\n<p>You can download the commitment <a href=\"https:\/\/www.skakeller.de\/fileadmin\/material\/Ska\/GEA_GreensEFAGroupPolicy.pdf\">click here (in english)<\/a>.<\/p>\n\n\n\n<h2 class=\"wp-block-heading\">Lobby meeting<\/h2>\n\n\n\n<p>In order to know what is needed for a humane and just policy, I meet with many different interest groups. But this has to happen in a way that is comprehensible to everyone. that is why our group has voluntarily committed itself to document all meetings with lobby groups in a publicly accessible way. the only exception is meetings whose publication could endanger the persons concerned. this can be the case, for example, with human rights activists.<br><br>Under the following link you can see with whom I met and when:&nbsp;<\/p>\n\n\n\n<p><a href=\"https:\/\/www.europarl.europa.eu\/meps\/de\/197462\/ERIK_MARQUARDT\/meetings\/past#mep-card-content\" target=\"_blank\" rel=\"noreferrer noopener\">To the past meetings<\/a><\/p>\n\n\n\n<h3 class=\"wp-block-heading\">\u00dcbersicht \u00fcber die Allgemeine Kostenverg\u00fctung 2025<\/h3>\n\n\n\n<h6 class=\"wp-block-heading\"><strong>(general expenditure allowance, GEA for short)<\/strong><\/h6>\n\n\n\n<p>Im Jahr 2025 haben mein Team und ich daf\u00fcr Mittel in H\u00f6he von \u20ac 54.740,96 verwendet. Diese \u00dcbersicht gibt an, wof\u00fcr wir diese Mittel verwendet haben.<br><em>Note<\/em>: Die exakten Betr\u00e4ge k\u00f6nnen sich f\u00fcr 2025 ggf. noch geringf\u00fcgig \u00e4ndern.<\/p>\n\n\n\n<figure class=\"wp-block-image size-large\"><img loading=\"lazy\" decoding=\"async\" width=\"1024\" height=\"691\" src=\"http:\/\/erik-marquardt.eu\/wp-content\/uploads\/2026\/03\/Uebersicht-GEA-2025-1024x691.png\" alt=\"\" class=\"wp-image-11108\" srcset=\"https:\/\/erik-marquardt.eu\/wp-content\/uploads\/2026\/03\/Uebersicht-GEA-2025-1024x691.png 1024w, https:\/\/erik-marquardt.eu\/wp-content\/uploads\/2026\/03\/Uebersicht-GEA-2025-300x202.png 300w, https:\/\/erik-marquardt.eu\/wp-content\/uploads\/2026\/03\/Uebersicht-GEA-2025-768x518.png 768w, https:\/\/erik-marquardt.eu\/wp-content\/uploads\/2026\/03\/Uebersicht-GEA-2025-18x12.png 18w, https:\/\/erik-marquardt.eu\/wp-content\/uploads\/2026\/03\/Uebersicht-GEA-2025.png 1060w\" sizes=\"auto, (max-width: 1024px) 100vw, 1024px\" \/><\/figure>\n\n\n\n<h3 class=\"wp-block-heading\">\u00dcbersicht \u00fcber die Allgemeine Kostenverg\u00fctung 2024<\/h3>\n\n\n\n<h6 class=\"wp-block-heading\"><strong>(general expenditure allowance, GEA for short)<\/strong><\/h6>\n\n\n\n<p>Im Jahr 2024 haben mein Team und ich daf\u00fcr Mittel in H\u00f6he von \u20ac 65.039,36 verwendet. Diese \u00dcbersicht gibt an, wof\u00fcr wir diese Mittel verwendet haben.<br><em>Note<\/em>: Die exakten Betr\u00e4ge k\u00f6nnen sich f\u00fcr 2024 ggf. noch geringf\u00fcgig \u00e4ndern.<\/p>\n\n\n\n<figure class=\"wp-block-image size-large\"><img loading=\"lazy\" decoding=\"async\" width=\"1024\" height=\"700\" src=\"http:\/\/erik-marquardt.eu\/wp-content\/uploads\/2026\/03\/Uebersicht-GEA-2024_1-1024x700.png\" alt=\"\" class=\"wp-image-11107\" srcset=\"https:\/\/erik-marquardt.eu\/wp-content\/uploads\/2026\/03\/Uebersicht-GEA-2024_1-1024x700.png 1024w, https:\/\/erik-marquardt.eu\/wp-content\/uploads\/2026\/03\/Uebersicht-GEA-2024_1-300x205.png 300w, https:\/\/erik-marquardt.eu\/wp-content\/uploads\/2026\/03\/Uebersicht-GEA-2024_1-768x525.png 768w, https:\/\/erik-marquardt.eu\/wp-content\/uploads\/2026\/03\/Uebersicht-GEA-2024_1-18x12.png 18w, https:\/\/erik-marquardt.eu\/wp-content\/uploads\/2026\/03\/Uebersicht-GEA-2024_1.png 1033w\" sizes=\"auto, (max-width: 1024px) 100vw, 1024px\" \/><\/figure>\n\n\n\n<h3 class=\"wp-block-heading\">\u00dcbersicht \u00fcber die Allgemeine Kostenverg\u00fctung 2023<\/h3>\n\n\n\n<h6 class=\"wp-block-heading\"><strong>(general expenditure allowance, GEA for short)<\/strong><\/h6>\n\n\n\n<p>Im Jahr 2023 haben mein Team und ich daf\u00fcr Mittel in H\u00f6he von \u20ac 45.387,59  verwendet. Diese \u00dcbersicht gibt an, wof\u00fcr wir diese Mittel verwendet haben.<br><em>Note<\/em>: Die exakten Betr\u00e4ge k\u00f6nnen sich f\u00fcr 2023 ggf. noch geringf\u00fcgig \u00e4ndern.<\/p>\n\n\n\n<figure class=\"wp-block-image size-full is-resized\"><img loading=\"lazy\" decoding=\"async\" width=\"785\" height=\"498\" src=\"https:\/\/erik-marquardt.eu\/wp-content\/uploads\/2024\/05\/Uebersicht-GEA-2023.png\" alt=\"\" class=\"wp-image-6429\" style=\"width:904px;height:auto\" srcset=\"https:\/\/erik-marquardt.eu\/wp-content\/uploads\/2024\/05\/Uebersicht-GEA-2023.png 785w, https:\/\/erik-marquardt.eu\/wp-content\/uploads\/2024\/05\/Uebersicht-GEA-2023-300x190.png 300w, https:\/\/erik-marquardt.eu\/wp-content\/uploads\/2024\/05\/Uebersicht-GEA-2023-768x487.png 768w, https:\/\/erik-marquardt.eu\/wp-content\/uploads\/2024\/05\/Uebersicht-GEA-2023-18x12.png 18w\" sizes=\"auto, (max-width: 785px) 100vw, 785px\" \/><\/figure>\n\n\n\n<h3 class=\"wp-block-heading\">Overview of the General Cost Allowance 2022<\/h3>\n\n\n\n<h6 class=\"wp-block-heading\"><strong>(general expenditure allowance, GEA for short)<\/strong><\/h6>\n\n\n\n<p>Im Jahr 2022 haben mein Team und ich daf\u00fcr Mittel in H\u00f6he von \u20ac 56.143,21  verwendet. Diese \u00dcbersicht gibt an, wof\u00fcr wir diese Mittel verwendet haben.<br><\/p>\n\n\n\n<figure class=\"wp-block-image size-large is-resized\"><img loading=\"lazy\" decoding=\"async\" width=\"1024\" height=\"602\" src=\"https:\/\/erik-marquardt.eu\/wp-content\/uploads\/2023\/02\/GEA-2022-1024x602.jpg\" alt=\"\" class=\"wp-image-4349\" style=\"width:917px;height:539px\" srcset=\"https:\/\/erik-marquardt.eu\/wp-content\/uploads\/2023\/02\/GEA-2022-1024x602.jpg 1024w, https:\/\/erik-marquardt.eu\/wp-content\/uploads\/2023\/02\/GEA-2022-300x176.jpg 300w, https:\/\/erik-marquardt.eu\/wp-content\/uploads\/2023\/02\/GEA-2022-768x451.jpg 768w, https:\/\/erik-marquardt.eu\/wp-content\/uploads\/2023\/02\/GEA-2022-16x9.jpg 16w, https:\/\/erik-marquardt.eu\/wp-content\/uploads\/2023\/02\/GEA-2022.jpg 1077w\" sizes=\"auto, (max-width: 1024px) 100vw, 1024px\" \/><\/figure>\n\n\n\n<h3 class=\"wp-block-heading\">Overview of the General Cost Allowance 2021<\/h3>\n\n\n\n<h6 class=\"wp-block-heading\"><strong>(general expenditure allowance, GEA for short)<\/strong><\/h6>\n\n\n\n<p>Im letzten Jahr haben mein Team und ich daf\u00fcr Mittel in H\u00f6he von \u20ac 55.090,65  verwendet. Diese \u00dcbersicht gibt an, wof\u00fcr wir diese Mittel verwendet haben.<\/p>\n\n\n\n<figure class=\"wp-block-image size-full\"><img loading=\"lazy\" decoding=\"async\" width=\"757\" height=\"474\" src=\"http:\/\/erik-marquardt.eu\/wp-content\/uploads\/2026\/03\/GEA-2021.png\" alt=\"\" class=\"wp-image-11112\" srcset=\"https:\/\/erik-marquardt.eu\/wp-content\/uploads\/2026\/03\/GEA-2021.png 757w, https:\/\/erik-marquardt.eu\/wp-content\/uploads\/2026\/03\/GEA-2021-300x188.png 300w, https:\/\/erik-marquardt.eu\/wp-content\/uploads\/2026\/03\/GEA-2021-18x12.png 18w\" sizes=\"auto, (max-width: 757px) 100vw, 757px\" \/><\/figure>\n\n\n\n<h3 class=\"wp-block-heading\">Overview of the General Cost Allowance 2020<\/h3>\n\n\n\n<h6 class=\"wp-block-heading\">(general expenditure allowance, GEA for short)<\/h6>\n\n\n\n<p>Im letzten Jahr haben mein Team und ich daf\u00fcr Mittel in H\u00f6he von \u20ac 55.418,54  verwendet. Diese \u00dcbersicht gibt an, wof\u00fcr wir diese Mittel verwendet haben.<\/p>\n\n\n\n<figure class=\"wp-block-image size-large\"><img loading=\"lazy\" decoding=\"async\" width=\"1024\" height=\"780\" src=\"https:\/\/erik-marquardt.eu\/wp-content\/uploads\/2021\/02\/2020_jaehrlich-1024x780.png\" alt=\"\" class=\"wp-image-1936\" srcset=\"https:\/\/erik-marquardt.eu\/wp-content\/uploads\/2021\/02\/2020_jaehrlich-1024x780.png 1024w, https:\/\/erik-marquardt.eu\/wp-content\/uploads\/2021\/02\/2020_jaehrlich-300x229.png 300w, https:\/\/erik-marquardt.eu\/wp-content\/uploads\/2021\/02\/2020_jaehrlich-768x585.png 768w, https:\/\/erik-marquardt.eu\/wp-content\/uploads\/2021\/02\/2020_jaehrlich-16x12.png 16w, https:\/\/erik-marquardt.eu\/wp-content\/uploads\/2021\/02\/2020_jaehrlich-1200x914.png 1200w, https:\/\/erik-marquardt.eu\/wp-content\/uploads\/2021\/02\/2020_jaehrlich-1400x1067.png 1400w, https:\/\/erik-marquardt.eu\/wp-content\/uploads\/2021\/02\/2020_jaehrlich.png 1512w\" sizes=\"auto, (max-width: 1024px) 100vw, 1024px\" \/><\/figure>\n\n\n\n<h3 class=\"wp-block-heading\">Overview of the General Cost Allowance 2019<\/h3>\n\n\n\n<h6 class=\"wp-block-heading\">(general expenditure allowance, GEA for short)<\/h6>\n\n\n\n<p>Das Budget f\u00fcr 2019 betrug \u20ac 31.578,87  und ergibt sich aus den Zahlungen von Beginn der Legislatur Mitte des Jahres bis Dez 2019.<\/p>\n\n\n\n<figure class=\"wp-block-image size-large\"><img loading=\"lazy\" decoding=\"async\" width=\"1024\" height=\"755\" src=\"https:\/\/erik-marquardt.eu\/wp-content\/uploads\/2021\/02\/2019-1024x755.jpg\" alt=\"\" class=\"wp-image-1937\" srcset=\"https:\/\/erik-marquardt.eu\/wp-content\/uploads\/2021\/02\/2019-1024x755.jpg 1024w, https:\/\/erik-marquardt.eu\/wp-content\/uploads\/2021\/02\/2019-300x221.jpg 300w, https:\/\/erik-marquardt.eu\/wp-content\/uploads\/2021\/02\/2019-768x566.jpg 768w, https:\/\/erik-marquardt.eu\/wp-content\/uploads\/2021\/02\/2019-16x12.jpg 16w, https:\/\/erik-marquardt.eu\/wp-content\/uploads\/2021\/02\/2019-1200x885.jpg 1200w, https:\/\/erik-marquardt.eu\/wp-content\/uploads\/2021\/02\/2019-1400x1032.jpg 1400w, https:\/\/erik-marquardt.eu\/wp-content\/uploads\/2021\/02\/2019.jpg 1476w\" sizes=\"auto, (max-width: 1024px) 100vw, 1024px\" \/><\/figure>\n\n\n\n<p><\/p>","protected":false},"excerpt":{"rendered":"<p>Di\u00e4t Mein regul\u00e4res Einkommen als Abgeordneter betr\u00e4gt seit dem 1.07.2025 im Monat \u20ac 11.255,26 brutto. Dieses Einkommen versteuere ich ganz normal in Deutschland. Dazu kommen Sitzungsgelder in H\u00f6he von \u20ac 359 pro Tag, an dem ich im Parlament in Br\u00fcssel arbeite. Ich bekomme dieses Geld, um die zus\u00e4tzlichen Kosten f\u00fcr Unterkunft und Verpflegung w\u00e4hrend des &hellip;<\/p>","protected":false},"author":2,"featured_media":0,"parent":0,"menu_order":0,"comment_status":"closed","ping_status":"closed","template":"templates\/template-full-width.php","meta":{"_FSMCFIC_featured_image_caption":"","_FSMCFIC_featured_image_nocaption":"","_FSMCFIC_featured_image_hide":"","footnotes":""},"class_list":["post-1595","page","type-page","status-publish","hentry","post","without-featured-image"],"yoast_head":"<!-- This site is optimized with the Yoast SEO plugin v27.3 - https:\/\/yoast.com\/product\/yoast-seo-wordpress\/ -->\n<title>Transparenz - Erik Marquardt<\/title>\n<meta name=\"robots\" content=\"index, follow, max-snippet:-1, max-image-preview:large, max-video-preview:-1\" \/>\n<link rel=\"canonical\" href=\"https:\/\/erik-marquardt.eu\/en\/transparenz\/\" \/>\n<meta property=\"og:locale\" content=\"en_GB\" \/>\n<meta property=\"og:type\" content=\"article\" \/>\n<meta property=\"og:title\" content=\"Transparenz - Erik Marquardt\" \/>\n<meta property=\"og:description\" content=\"Di\u00e4t Mein regul\u00e4res Einkommen als Abgeordneter betr\u00e4gt seit dem 1.07.2025 im Monat \u20ac 11.255,26 brutto. Dieses Einkommen versteuere ich ganz normal in Deutschland. Dazu kommen Sitzungsgelder in H\u00f6he von \u20ac 359 pro Tag, an dem ich im Parlament in Br\u00fcssel arbeite. Ich bekomme dieses Geld, um die zus\u00e4tzlichen Kosten f\u00fcr Unterkunft und Verpflegung w\u00e4hrend des &hellip;\" \/>\n<meta property=\"og:url\" content=\"https:\/\/erik-marquardt.eu\/en\/transparenz\/\" \/>\n<meta property=\"og:site_name\" content=\"Erik Marquardt\" \/>\n<meta property=\"article:modified_time\" content=\"2026-03-11T14:19:08+00:00\" \/>\n<meta property=\"og:image\" content=\"http:\/\/erik-marquardt.eu\/wp-content\/uploads\/2026\/03\/Uebersicht-GEA-2025-1024x691.png\" \/>\n<meta name=\"twitter:card\" content=\"summary_large_image\" \/>\n<meta name=\"twitter:label1\" content=\"Estimated reading time\" \/>\n\t<meta name=\"twitter:data1\" content=\"6 minutes\" \/>\n<script type=\"application\/ld+json\" class=\"yoast-schema-graph\">{\"@context\":\"https:\\\/\\\/schema.org\",\"@graph\":[{\"@type\":\"WebPage\",\"@id\":\"https:\\\/\\\/erik-marquardt.eu\\\/transparenz\\\/\",\"url\":\"https:\\\/\\\/erik-marquardt.eu\\\/transparenz\\\/\",\"name\":\"Transparenz - Erik Marquardt\",\"isPartOf\":{\"@id\":\"http:\\\/\\\/erik-marquardt.eu\\\/#website\"},\"primaryImageOfPage\":{\"@id\":\"https:\\\/\\\/erik-marquardt.eu\\\/transparenz\\\/#primaryimage\"},\"image\":{\"@id\":\"https:\\\/\\\/erik-marquardt.eu\\\/transparenz\\\/#primaryimage\"},\"thumbnailUrl\":\"http:\\\/\\\/erik-marquardt.eu\\\/wp-content\\\/uploads\\\/2026\\\/03\\\/Uebersicht-GEA-2025-1024x691.png\",\"datePublished\":\"2024-03-25T09:22:57+00:00\",\"dateModified\":\"2026-03-11T14:19:08+00:00\",\"breadcrumb\":{\"@id\":\"https:\\\/\\\/erik-marquardt.eu\\\/transparenz\\\/#breadcrumb\"},\"inLanguage\":\"en-GB\",\"potentialAction\":[{\"@type\":\"ReadAction\",\"target\":[\"https:\\\/\\\/erik-marquardt.eu\\\/transparenz\\\/\"]}]},{\"@type\":\"ImageObject\",\"inLanguage\":\"en-GB\",\"@id\":\"https:\\\/\\\/erik-marquardt.eu\\\/transparenz\\\/#primaryimage\",\"url\":\"http:\\\/\\\/erik-marquardt.eu\\\/wp-content\\\/uploads\\\/2026\\\/03\\\/Uebersicht-GEA-2025-1024x691.png\",\"contentUrl\":\"http:\\\/\\\/erik-marquardt.eu\\\/wp-content\\\/uploads\\\/2026\\\/03\\\/Uebersicht-GEA-2025-1024x691.png\"},{\"@type\":\"BreadcrumbList\",\"@id\":\"https:\\\/\\\/erik-marquardt.eu\\\/transparenz\\\/#breadcrumb\",\"itemListElement\":[{\"@type\":\"ListItem\",\"position\":1,\"name\":\"Startseite\",\"item\":\"http:\\\/\\\/erik-marquardt.eu\\\/\"},{\"@type\":\"ListItem\",\"position\":2,\"name\":\"Transparenz\"}]},{\"@type\":\"WebSite\",\"@id\":\"http:\\\/\\\/erik-marquardt.eu\\\/#website\",\"url\":\"http:\\\/\\\/erik-marquardt.eu\\\/\",\"name\":\"Erik Marquardt\",\"description\":\"Mitglied des Europ\u00e4ischen Parlaments \",\"publisher\":{\"@id\":\"http:\\\/\\\/erik-marquardt.eu\\\/#\\\/schema\\\/person\\\/ae6a90f9433e208a6be9ba844e6cff23\"},\"potentialAction\":[{\"@type\":\"SearchAction\",\"target\":{\"@type\":\"EntryPoint\",\"urlTemplate\":\"http:\\\/\\\/erik-marquardt.eu\\\/?s={search_term_string}\"},\"query-input\":{\"@type\":\"PropertyValueSpecification\",\"valueRequired\":true,\"valueName\":\"search_term_string\"}}],\"inLanguage\":\"en-GB\"},{\"@type\":[\"Person\",\"Organization\"],\"@id\":\"http:\\\/\\\/erik-marquardt.eu\\\/#\\\/schema\\\/person\\\/ae6a90f9433e208a6be9ba844e6cff23\",\"name\":\"Erik Marquardt\",\"image\":{\"@type\":\"ImageObject\",\"inLanguage\":\"en-GB\",\"@id\":\"https:\\\/\\\/erik-marquardt.eu\\\/wp-content\\\/uploads\\\/2025\\\/12\\\/erik-markquardt_combined-logo_same-size.svg\",\"url\":\"https:\\\/\\\/erik-marquardt.eu\\\/wp-content\\\/uploads\\\/2025\\\/12\\\/erik-markquardt_combined-logo_same-size.svg\",\"contentUrl\":\"https:\\\/\\\/erik-marquardt.eu\\\/wp-content\\\/uploads\\\/2025\\\/12\\\/erik-markquardt_combined-logo_same-size.svg\",\"width\":370,\"height\":123,\"caption\":\"Erik Marquardt\"},\"logo\":{\"@id\":\"https:\\\/\\\/erik-marquardt.eu\\\/wp-content\\\/uploads\\\/2025\\\/12\\\/erik-markquardt_combined-logo_same-size.svg\"}}]}<\/script>\n<!-- \/ Yoast SEO plugin. -->","yoast_head_json":{"title":"Transparency - Erik Marquardt","robots":{"index":"index","follow":"follow","max-snippet":"max-snippet:-1","max-image-preview":"max-image-preview:large","max-video-preview":"max-video-preview:-1"},"canonical":"https:\/\/erik-marquardt.eu\/en\/transparenz\/","og_locale":"en_GB","og_type":"article","og_title":"Transparenz - Erik Marquardt","og_description":"Di\u00e4t Mein regul\u00e4res Einkommen als Abgeordneter betr\u00e4gt seit dem 1.07.2025 im Monat \u20ac 11.255,26 brutto. Dieses Einkommen versteuere ich ganz normal in Deutschland. Dazu kommen Sitzungsgelder in H\u00f6he von \u20ac 359 pro Tag, an dem ich im Parlament in Br\u00fcssel arbeite. Ich bekomme dieses Geld, um die zus\u00e4tzlichen Kosten f\u00fcr Unterkunft und Verpflegung w\u00e4hrend des &hellip;","og_url":"https:\/\/erik-marquardt.eu\/en\/transparenz\/","og_site_name":"Erik Marquardt","article_modified_time":"2026-03-11T14:19:08+00:00","og_image":[{"url":"http:\/\/erik-marquardt.eu\/wp-content\/uploads\/2026\/03\/Uebersicht-GEA-2025-1024x691.png","type":"","width":"","height":""}],"twitter_card":"summary_large_image","twitter_misc":{"Estimated reading time":"6 minutes"},"schema":{"@context":"https:\/\/schema.org","@graph":[{"@type":"WebPage","@id":"https:\/\/erik-marquardt.eu\/transparenz\/","url":"https:\/\/erik-marquardt.eu\/transparenz\/","name":"Transparency - Erik Marquardt","isPartOf":{"@id":"http:\/\/erik-marquardt.eu\/#website"},"primaryImageOfPage":{"@id":"https:\/\/erik-marquardt.eu\/transparenz\/#primaryimage"},"image":{"@id":"https:\/\/erik-marquardt.eu\/transparenz\/#primaryimage"},"thumbnailUrl":"http:\/\/erik-marquardt.eu\/wp-content\/uploads\/2026\/03\/Uebersicht-GEA-2025-1024x691.png","datePublished":"2024-03-25T09:22:57+00:00","dateModified":"2026-03-11T14:19:08+00:00","breadcrumb":{"@id":"https:\/\/erik-marquardt.eu\/transparenz\/#breadcrumb"},"inLanguage":"en-GB","potentialAction":[{"@type":"ReadAction","target":["https:\/\/erik-marquardt.eu\/transparenz\/"]}]},{"@type":"ImageObject","inLanguage":"en-GB","@id":"https:\/\/erik-marquardt.eu\/transparenz\/#primaryimage","url":"http:\/\/erik-marquardt.eu\/wp-content\/uploads\/2026\/03\/Uebersicht-GEA-2025-1024x691.png","contentUrl":"http:\/\/erik-marquardt.eu\/wp-content\/uploads\/2026\/03\/Uebersicht-GEA-2025-1024x691.png"},{"@type":"BreadcrumbList","@id":"https:\/\/erik-marquardt.eu\/transparenz\/#breadcrumb","itemListElement":[{"@type":"ListItem","position":1,"name":"Startseite","item":"http:\/\/erik-marquardt.eu\/"},{"@type":"ListItem","position":2,"name":"Transparenz"}]},{"@type":"WebSite","@id":"http:\/\/erik-marquardt.eu\/#website","url":"http:\/\/erik-marquardt.eu\/","name":"Erik Marquardt","description":"Member of the European Parliament","publisher":{"@id":"http:\/\/erik-marquardt.eu\/#\/schema\/person\/ae6a90f9433e208a6be9ba844e6cff23"},"potentialAction":[{"@type":"SearchAction","target":{"@type":"EntryPoint","urlTemplate":"http:\/\/erik-marquardt.eu\/?s={search_term_string}"},"query-input":{"@type":"PropertyValueSpecification","valueRequired":true,"valueName":"search_term_string"}}],"inLanguage":"en-GB"},{"@type":["Person","Organization"],"@id":"http:\/\/erik-marquardt.eu\/#\/schema\/person\/ae6a90f9433e208a6be9ba844e6cff23","name":"Erik Marquardt","image":{"@type":"ImageObject","inLanguage":"en-GB","@id":"https:\/\/erik-marquardt.eu\/wp-content\/uploads\/2025\/12\/erik-markquardt_combined-logo_same-size.svg","url":"https:\/\/erik-marquardt.eu\/wp-content\/uploads\/2025\/12\/erik-markquardt_combined-logo_same-size.svg","contentUrl":"https:\/\/erik-marquardt.eu\/wp-content\/uploads\/2025\/12\/erik-markquardt_combined-logo_same-size.svg","width":370,"height":123,"caption":"Erik Marquardt"},"logo":{"@id":"https:\/\/erik-marquardt.eu\/wp-content\/uploads\/2025\/12\/erik-markquardt_combined-logo_same-size.svg"}}]}},"featured_image_src":null,"featured_image_src_square":null,"jetpack_sharing_enabled":true,"_links":{"self":[{"href":"https:\/\/erik-marquardt.eu\/en\/wp-json\/wp\/v2\/pages\/1595","targetHints":{"allow":["GET"]}}],"collection":[{"href":"https:\/\/erik-marquardt.eu\/en\/wp-json\/wp\/v2\/pages"}],"about":[{"href":"https:\/\/erik-marquardt.eu\/en\/wp-json\/wp\/v2\/types\/page"}],"author":[{"embeddable":true,"href":"https:\/\/erik-marquardt.eu\/en\/wp-json\/wp\/v2\/users\/2"}],"replies":[{"embeddable":true,"href":"https:\/\/erik-marquardt.eu\/en\/wp-json\/wp\/v2\/comments?post=1595"}],"version-history":[{"count":4,"href":"https:\/\/erik-marquardt.eu\/en\/wp-json\/wp\/v2\/pages\/1595\/revisions"}],"predecessor-version":[{"id":11114,"href":"https:\/\/erik-marquardt.eu\/en\/wp-json\/wp\/v2\/pages\/1595\/revisions\/11114"}],"wp:attachment":[{"href":"https:\/\/erik-marquardt.eu\/en\/wp-json\/wp\/v2\/media?parent=1595"}],"curies":[{"name":"wp","href":"https:\/\/api.w.org\/{rel}","templated":true}]}}