{"id":10311,"date":"2025-12-31T11:34:26","date_gmt":"2025-12-31T10:34:26","guid":{"rendered":"https:\/\/erik-marquardt.eu\/?page_id=10311"},"modified":"2026-02-13T10:33:55","modified_gmt":"2026-02-13T09:33:55","slug":"wochenrueckblick","status":"publish","type":"page","link":"https:\/\/erik-marquardt.eu\/en\/blog\/wochenrueckblick\/","title":{"rendered":"Weekly Review"},"content":{"rendered":"<figure class=\"wp-block-image\"><img decoding=\"async\" src=\"https:\/\/erik-marquardt.eu\/wp-content\/uploads\/2021\/02\/Opening_of_February_plenary_session_with_Vice-president_McGuinness_49517029202-1200x800-1.jpg\" alt=\"\"\/><\/figure>\n\n\n\n<p>Here, at the end of the week, I give an overview of my work and the currently important debates and issues in the European Parliament.<\/p>\n\n\n\n<div style=\"height:1.5rem\" aria-hidden=\"true\" class=\"wp-block-spacer\"><\/div>\n\n\n\n<div class=\"wp-block-query is-layout-flow wp-block-query-is-layout-flow\"><ul class=\"wp-block-post-template is-layout-flow wp-block-post-template-is-layout-flow\"><li class=\"wp-block-post post-11237 post type-post status-publish format-standard has-post-thumbnail hentry category-wochenrueckblick with-featured-image\">\n<h2 class=\"wp-block-post-title\"><a href=\"https:\/\/erik-marquardt.eu\/en\/kalenderwoche-13\/\" target=\"_self\" >Kalenderwoche 13: Mini-Europaparlamentssitzung<\/a><\/h2>\n\n<div class=\"wp-block-post-date\"><time datetime=\"2026-03-27T12:11:26+01:00\">27. March 2026<\/time><\/div>\n\n<div class=\"wp-block-post-excerpt\"><p class=\"wp-block-post-excerpt__excerpt\">EU-Abschiebeverordnung: Abgeordnete der CDU und CSU bilden Mehrheit mit AfD Im Europ\u00e4ischen Parlament haben CDU\/CSU-Abgeordnete (EVP) eine Mehrheit mit der AfD und anderen Rechtsextremen (EKR, PfE und ESN) gebildet, um ihren gemeinsamen Vorschlag zur EU-R\u00fcckf\u00fchrungsverordnung durchzusetzen. Nach der Abstimmung gab es Standing Ovations der Rechtsextremen. Durch das Gesetz sollen gefl\u00fcchtete Kinder und ihre Familien in&hellip; <\/p><\/div>\n\n<a class=\"wp-block-read-more\" href=\"https:\/\/erik-marquardt.eu\/en\/kalenderwoche-13\/\" target=\"_self\">Read more<span class=\"screen-reader-text\">: Kalenderwoche 13: Mini-Europaparlamentssitzung<\/span><\/a>\n\n\n<hr class=\"wp-block-separator has-css-opacity\"\/>\n\n<\/li><li class=\"wp-block-post post-11240 post type-post status-publish format-standard has-post-thumbnail hentry category-wochenrueckblick with-featured-image\">\n<h2 class=\"wp-block-post-title\"><a href=\"https:\/\/erik-marquardt.eu\/en\/kalenderwoche-12\/\" target=\"_self\" >Calendar week 12<\/a><\/h2>\n\n<div class=\"wp-block-post-date\"><time datetime=\"2026-03-20T12:12:12+01:00\">20. March 2026<\/time><\/div>\n\n<div class=\"wp-block-post-excerpt\"><p class=\"wp-block-post-excerpt__excerpt\">Zivilgesellschaft unter Druck: Wir stehen zusammen Am Dienstag haben wir in der Civil Society Interest Group dar\u00fcber diskutiert, auf welche Weise die Zivilgesellschaft im Europ\u00e4ischen Parlament unter Druck ger\u00e4t und wie wir sie bestm\u00f6glich unterst\u00fctzen k\u00f6nnen. Von der Verleumdung durch die sog. \u201eScrutiny Working Group\u201c zur Finanzierung der Zivilgesellschaft bis hin zu sch\u00e4dlichen \u00c4nderungsantr\u00e4gen in&hellip; <\/p><\/div>\n\n<a class=\"wp-block-read-more\" href=\"https:\/\/erik-marquardt.eu\/en\/kalenderwoche-12\/\" target=\"_self\">Read more<span class=\"screen-reader-text\">: Kalenderwoche 12<\/span><\/a>\n\n\n<hr class=\"wp-block-separator has-css-opacity\"\/>\n\n<\/li><li class=\"wp-block-post post-11166 post type-post status-publish format-standard has-post-thumbnail hentry category-wochenrueckblick with-featured-image\">\n<h2 class=\"wp-block-post-title\"><a href=\"https:\/\/erik-marquardt.eu\/en\/kalenderwoche-11-europaparlamentssitzung\/\" target=\"_self\" >Kalenderwoche 11: Europaparlamentssitzung<\/a><\/h2>\n\n<div class=\"wp-block-post-date\"><time datetime=\"2026-03-13T17:21:13+01:00\">13. March 2026<\/time><\/div>\n\n<div class=\"wp-block-post-excerpt\"><p class=\"wp-block-post-excerpt__excerpt\">Internationaler Frauenkampftag: Kampf gegen Gewalt an Frauen im Netz&nbsp; Anl\u00e4sslich des Internationalen Frauentags am 8. M\u00e4rz haben wir \u00fcber Gewalt an Frauen und die Gefahren von Cybermobbing gesprochen. Gerade Frauen und M\u00e4dchen sind besonders h\u00e4ufig betroffen. Um sie besser zu sch\u00fctzen, fordern wir eine konsequente Durchsetzung des Gesetzes \u00fcber digitale Dienste sowie ein Verbot von&hellip; <\/p><\/div>\n\n<a class=\"wp-block-read-more\" href=\"https:\/\/erik-marquardt.eu\/en\/kalenderwoche-11-europaparlamentssitzung\/\" target=\"_self\">Read more<span class=\"screen-reader-text\">: Kalenderwoche 11: Europaparlamentssitzung<\/span><\/a>\n\n\n<hr class=\"wp-block-separator has-css-opacity\"\/>\n\n<\/li><li class=\"wp-block-post post-11163 post type-post status-publish format-standard has-post-thumbnail hentry category-wochenrueckblick with-featured-image\">\n<h2 class=\"wp-block-post-title\"><a href=\"https:\/\/erik-marquardt.eu\/en\/kalenderwoche-10\/\" target=\"_self\" >Calendar week 9<\/a><\/h2>\n\n<div class=\"wp-block-post-date\"><time datetime=\"2026-02-27T17:02:21+01:00\">27. February 2026<\/time><\/div>\n\n<div class=\"wp-block-post-excerpt\"><p class=\"wp-block-post-excerpt__excerpt\">Arbeitskreis Migration und Flucht: Diskussion \u00fcber Europas Externalisierungspolitik Bei einer Veranstaltung des M\u00fcnchner gr\u00fcnen Arbeitskreises Migration und Flucht durfte ich \u00fcber die europ\u00e4ische Migrationspolitik berichten. Obwohl der Italien-Albanien-Deal gescheitert ist, halten die EU-Kommission und die deutsche Bundesregierung an der Idee fest, schutzsuchende Familien mit Kindern in sog. Return-Hubs in Drittstaaten zu stecken. Das ist nicht&hellip; <\/p><\/div>\n\n<a class=\"wp-block-read-more\" href=\"https:\/\/erik-marquardt.eu\/en\/kalenderwoche-10\/\" target=\"_self\">Read more<span class=\"screen-reader-text\">: Kalenderwoche 9<\/span><\/a>\n\n\n<hr class=\"wp-block-separator has-css-opacity\"\/>\n\n<\/li><li class=\"wp-block-post post-11161 post type-post status-publish format-standard has-post-thumbnail hentry category-wochenrueckblick with-featured-image\">\n<h2 class=\"wp-block-post-title\"><a href=\"https:\/\/erik-marquardt.eu\/en\/kalenderwoche-8\/\" target=\"_self\" >Calendar week 8<\/a><\/h2>\n\n<div class=\"wp-block-post-date\"><time datetime=\"2026-02-20T16:43:35+01:00\">20. February 2026<\/time><\/div>\n\n<div class=\"wp-block-post-excerpt\"><p class=\"wp-block-post-excerpt__excerpt\">Sondersitzung im Europaparlament: Vier Jahre russischer Angriffskrieg Am Dienstag haben wir im Europaparlament an den Beginn des russischen Angriffskriegs vor vier Jahren erinnert. Der ukrainische Pr\u00e4sident Selenskyj sprach per Video aus Kiew und dankte der EU f\u00fcr ihre Unterst\u00fctzung, zugleich betonte er den klaren Willen der Ukraine zum Kriegsende.Danach ging es um die zentrale Frage:&hellip; <\/p><\/div>\n\n<a class=\"wp-block-read-more\" href=\"https:\/\/erik-marquardt.eu\/en\/kalenderwoche-8\/\" target=\"_self\">Read more<span class=\"screen-reader-text\">: Kalenderwoche 8<\/span><\/a>\n\n\n<hr class=\"wp-block-separator has-css-opacity\"\/>\n\n<\/li><li class=\"wp-block-post post-10835 post type-post status-publish format-standard has-post-thumbnail hentry category-wochenrueckblick with-featured-image\">\n<h2 class=\"wp-block-post-title\"><a href=\"https:\/\/erik-marquardt.eu\/en\/kalenderwoche-7-europaparlamentssitzung\/\" target=\"_self\" >Kalenderwoche 7: Europaparlamentssitzung<\/a><\/h2>\n\n<div class=\"wp-block-post-date\"><time datetime=\"2026-02-13T13:37:58+01:00\">13. February 2026<\/time><\/div>\n\n<div class=\"wp-block-post-excerpt\"><p class=\"wp-block-post-excerpt__excerpt\">Erneute Asylrechtsversch\u00e4rfung: Konservative haben Ma\u00df und Mitte verloren Eine Mehrheit aus Rechtsextremen und Konservativen hat nach mehrmonatigen Verhandlungen zwischen ihren Fraktionen am Dienstag im Europaparlament weitere Versch\u00e4rfungen des Migrationspakts beschlossen, darunter neue Regeln zu \u201esicheren\u201c Herkunfts- und Drittl\u00e4ndern. Es ist das erste Mal, dass die AfD Asylrecht mitgestalten kann, das dann auch in Deutschland gilt.&nbsp;&hellip; <\/p><\/div>\n\n<a class=\"wp-block-read-more\" href=\"https:\/\/erik-marquardt.eu\/en\/kalenderwoche-7-europaparlamentssitzung\/\" target=\"_self\">Read more<span class=\"screen-reader-text\">: Kalenderwoche 7: Europaparlamentssitzung<\/span><\/a>\n\n\n<hr class=\"wp-block-separator has-css-opacity\"\/>\n\n<\/li><li class=\"wp-block-post post-10833 post type-post status-publish format-standard has-post-thumbnail hentry category-wochenrueckblick with-featured-image\">\n<h2 class=\"wp-block-post-title\"><a href=\"https:\/\/erik-marquardt.eu\/en\/kalenderwoche-6\/\" target=\"_self\" >Calendar week 6<\/a><\/h2>\n\n<div class=\"wp-block-post-date\"><time datetime=\"2026-02-06T13:33:38+01:00\">6. February 2026<\/time><\/div>\n\n<div class=\"wp-block-post-excerpt\"><p class=\"wp-block-post-excerpt__excerpt\">Medienkompetenz und digitales Lernen neu denken Wir zust\u00e4ndigen Abgeordneten des Kultur- und Bildungsausschusses haben uns diese Woche erstmals zu unserem anstehenden Bericht \u00fcber Medienkompetenz und digitales Lernen ausgetauscht. Wer heute Informationen kontrolliert, kontrolliert auch unsere gesellschaftlichen Debatten. Gerade in Zeiten dominanter Online-Plattformen von US-Tech Bros und KI-generierter Social Media-Inhalte ist Medien- und Digitalkompetenz unerl\u00e4sslich f\u00fcr&hellip; <\/p><\/div>\n\n<a class=\"wp-block-read-more\" href=\"https:\/\/erik-marquardt.eu\/en\/kalenderwoche-6\/\" target=\"_self\">Read more<span class=\"screen-reader-text\">: Kalenderwoche 6<\/span><\/a>\n\n\n<hr class=\"wp-block-separator has-css-opacity\"\/>\n\n<\/li><li class=\"wp-block-post post-10831 post type-post status-publish format-standard has-post-thumbnail hentry category-wochenrueckblick with-featured-image\">\n<h2 class=\"wp-block-post-title\"><a href=\"https:\/\/erik-marquardt.eu\/en\/kalenderwoche-5\/\" target=\"_self\" >Calendar week 5<\/a><\/h2>\n\n<div class=\"wp-block-post-date\"><time datetime=\"2026-01-30T13:04:10+01:00\">30. January 2026<\/time><\/div>\n\n<div class=\"wp-block-post-excerpt\"><p class=\"wp-block-post-excerpt__excerpt\">In Erinnerung an die Opfer des Holocaust Zum Internationalen Holocaust-Gedenktag am 27. Januar haben wir als Europaparlament den sechs Millionen ermordeten J\u00fcdinnen und Juden sowie aller weiteren Opfer des Nationalsozialismus gedacht. Der Tag erinnert an die Befreiung des Konzentrationslagers Auschwitz am 27. Januar 1945. Das Gedenken macht deutlich: Die Erinnerung an den Holocaust ist keine&hellip; <\/p><\/div>\n\n<a class=\"wp-block-read-more\" href=\"https:\/\/erik-marquardt.eu\/en\/kalenderwoche-5\/\" target=\"_self\">Read more<span class=\"screen-reader-text\">: Kalenderwoche 5<\/span><\/a>\n\n\n<hr class=\"wp-block-separator has-css-opacity\"\/>\n\n<\/li><li class=\"wp-block-post post-10829 post type-post status-publish format-standard has-post-thumbnail hentry category-wochenrueckblick with-featured-image\">\n<h2 class=\"wp-block-post-title\"><a href=\"https:\/\/erik-marquardt.eu\/en\/kalenderwoche-4-europaparlamentssitzung\/\" target=\"_self\" >Kalenderwoche 4: Europaparlamentssitzung<\/a><\/h2>\n\n<div class=\"wp-block-post-date\"><time datetime=\"2026-01-23T13:02:00+01:00\">23. January 2026<\/time><\/div>\n\n<div class=\"wp-block-post-excerpt\"><p class=\"wp-block-post-excerpt__excerpt\">In Gedenken an die Opfer in der Schweiz und in Spanien Zu Beginn der Plenarwoche haben wir gemeinsam den Opfern und Hinterbliebenen der Crans-Montana-Trag\u00f6die in der Schweiz und des Zugungl\u00fccks in Spanien gedacht. Trump droht mit Z\u00f6llen: Gr\u00f6nland steht nicht zum Verkauf Angesichts der neuesten Drohungen von US-Pr\u00e4sident Trump, umfassende Z\u00f6lle gegen einzelne EU-Mitgliedstaaten zu&hellip; <\/p><\/div>\n\n<a class=\"wp-block-read-more\" href=\"https:\/\/erik-marquardt.eu\/en\/kalenderwoche-4-europaparlamentssitzung\/\" target=\"_self\">Read more<span class=\"screen-reader-text\">: Kalenderwoche 4: Europaparlamentssitzung<\/span><\/a>\n\n\n<hr class=\"wp-block-separator has-css-opacity\"\/>\n\n<\/li><li class=\"wp-block-post post-10489 post type-post status-publish format-standard has-post-thumbnail hentry category-wochenrueckblick with-featured-image\">\n<h2 class=\"wp-block-post-title\"><a href=\"https:\/\/erik-marquardt.eu\/en\/kalenderwoche-3\/\" target=\"_self\" >Calendar week 3<\/a><\/h2>\n\n<div class=\"wp-block-post-date\"><time datetime=\"2026-01-16T16:30:16+01:00\">16. January 2026<\/time><\/div>\n\n<div class=\"wp-block-post-excerpt\"><p class=\"wp-block-post-excerpt__excerpt\">CULT-Ausschuss: Initiativbericht zu digitaler Medienkompetenz Diese Woche fand das erste Treffen der zust\u00e4ndigen Abgeordneten f\u00fcr den Initiativbericht zu digitaler Medienkompetenz statt. Dabei geht es vor allem darum, daf\u00fcr zu sorgen, dass europ\u00e4ische B\u00fcrger*innen sicher und kompetent in einer Welt der zunehmenden Medien- und KI-Nutzung sind. Auch Themen wie Zugang zu Medien, bspw. f\u00fcr Kinder aus&hellip; <\/p><\/div>\n\n<a class=\"wp-block-read-more\" href=\"https:\/\/erik-marquardt.eu\/en\/kalenderwoche-3\/\" target=\"_self\">Read more<span class=\"screen-reader-text\">: Kalenderwoche 3<\/span><\/a>\n\n\n<hr class=\"wp-block-separator has-css-opacity\"\/>\n\n<\/li><\/ul>\n\n<nav class=\"wp-block-query-pagination is-layout-flex wp-block-query-pagination-is-layout-flex\" aria-label=\"Pagination\">\n\n\n<div class=\"wp-block-query-pagination-numbers\"><span aria-current=\"page\" class=\"page-numbers current\">1<\/span>\n<a class=\"page-numbers\" href=\"?query-14-page=2\">2<\/a>\n<a class=\"page-numbers\" href=\"?query-14-page=3\">3<\/a>\n<span class=\"page-numbers dots\">&hellip;<\/span>\n<a class=\"page-numbers\" href=\"?query-14-page=6\">6<\/a><\/div>\n\n<a href=\"\/en\/wp-json\/wp\/v2\/pages\/10311?query-14-page=2\" class=\"wp-block-query-pagination-next\">Next Page<\/a>\n<\/nav><\/div>","protected":false},"excerpt":{"rendered":"<p>Here, at the end of the week, I give an overview of my work and the currently important debates and issues in the European Parliament.<\/p>","protected":false},"author":9,"featured_media":0,"parent":8,"menu_order":0,"comment_status":"closed","ping_status":"closed","template":"","meta":{"_FSMCFIC_featured_image_caption":"","_FSMCFIC_featured_image_nocaption":"","_FSMCFIC_featured_image_hide":"","footnotes":""},"class_list":["post-10311","page","type-page","status-publish","hentry","post","without-featured-image"],"yoast_head":"<!-- This site is optimized with the Yoast SEO plugin v27.3 - https:\/\/yoast.com\/product\/yoast-seo-wordpress\/ -->\n<title>Wochenr\u00fcckblick - Erik Marquardt<\/title>\n<meta name=\"robots\" content=\"index, follow, max-snippet:-1, max-image-preview:large, max-video-preview:-1\" \/>\n<link rel=\"canonical\" href=\"http:\/\/erik-marquardt.eu\/en\/blog\/wochenrueckblick\/\" \/>\n<link rel=\"next\" href=\"http:\/\/erik-marquardt.eu\/blog\/wochenrueckblick\/10311?query-14-page=2\" \/>\n<meta property=\"og:locale\" content=\"en_GB\" \/>\n<meta property=\"og:type\" content=\"article\" \/>\n<meta property=\"og:title\" content=\"Wochenr\u00fcckblick - Erik Marquardt\" \/>\n<meta property=\"og:description\" content=\"Hier gebe ich am Ende der Woche einen \u00dcberblick \u00fcber meine Arbeit und die aktuell wichtigen Debatten und Themen im Europ\u00e4ischen Parlament.\" \/>\n<meta property=\"og:url\" content=\"http:\/\/erik-marquardt.eu\/en\/blog\/wochenrueckblick\/\" \/>\n<meta property=\"og:site_name\" content=\"Erik Marquardt\" \/>\n<meta property=\"article:modified_time\" content=\"2026-02-13T09:33:55+00:00\" \/>\n<meta property=\"og:image\" content=\"https:\/\/erik-marquardt.eu\/wp-content\/uploads\/2021\/02\/Opening_of_February_plenary_session_with_Vice-president_McGuinness_49517029202-1200x800-1.jpg\" \/>\n<meta name=\"twitter:card\" content=\"summary_large_image\" \/>\n<meta name=\"twitter:label1\" content=\"Estimated reading time\" \/>\n\t<meta name=\"twitter:data1\" content=\"1 minute\" \/>\n<script type=\"application\/ld+json\" class=\"yoast-schema-graph\">{\"@context\":\"https:\\\/\\\/schema.org\",\"@graph\":[{\"@type\":\"WebPage\",\"@id\":\"http:\\\/\\\/erik-marquardt.eu\\\/blog\\\/wochenrueckblick\\\/\",\"url\":\"http:\\\/\\\/erik-marquardt.eu\\\/blog\\\/wochenrueckblick\\\/\",\"name\":\"Wochenr\u00fcckblick - Erik Marquardt\",\"isPartOf\":{\"@id\":\"http:\\\/\\\/erik-marquardt.eu\\\/#website\"},\"primaryImageOfPage\":{\"@id\":\"http:\\\/\\\/erik-marquardt.eu\\\/blog\\\/wochenrueckblick\\\/#primaryimage\"},\"image\":{\"@id\":\"http:\\\/\\\/erik-marquardt.eu\\\/blog\\\/wochenrueckblick\\\/#primaryimage\"},\"thumbnailUrl\":\"https:\\\/\\\/erik-marquardt.eu\\\/wp-content\\\/uploads\\\/2021\\\/02\\\/Opening_of_February_plenary_session_with_Vice-president_McGuinness_49517029202-1200x800-1.jpg\",\"datePublished\":\"2025-12-31T10:34:26+00:00\",\"dateModified\":\"2026-02-13T09:33:55+00:00\",\"breadcrumb\":{\"@id\":\"http:\\\/\\\/erik-marquardt.eu\\\/blog\\\/wochenrueckblick\\\/#breadcrumb\"},\"inLanguage\":\"en-GB\",\"potentialAction\":[{\"@type\":\"ReadAction\",\"target\":[\"http:\\\/\\\/erik-marquardt.eu\\\/blog\\\/wochenrueckblick\\\/\"]}]},{\"@type\":\"ImageObject\",\"inLanguage\":\"en-GB\",\"@id\":\"http:\\\/\\\/erik-marquardt.eu\\\/blog\\\/wochenrueckblick\\\/#primaryimage\",\"url\":\"https:\\\/\\\/erik-marquardt.eu\\\/wp-content\\\/uploads\\\/2021\\\/02\\\/Opening_of_February_plenary_session_with_Vice-president_McGuinness_49517029202-1200x800-1.jpg\",\"contentUrl\":\"https:\\\/\\\/erik-marquardt.eu\\\/wp-content\\\/uploads\\\/2021\\\/02\\\/Opening_of_February_plenary_session_with_Vice-president_McGuinness_49517029202-1200x800-1.jpg\"},{\"@type\":\"BreadcrumbList\",\"@id\":\"http:\\\/\\\/erik-marquardt.eu\\\/blog\\\/wochenrueckblick\\\/#breadcrumb\",\"itemListElement\":[{\"@type\":\"ListItem\",\"position\":1,\"name\":\"Startseite\",\"item\":\"http:\\\/\\\/erik-marquardt.eu\\\/\"},{\"@type\":\"ListItem\",\"position\":2,\"name\":\"Blog\",\"item\":\"https:\\\/\\\/erik-marquardt.eu\\\/blog\\\/\"},{\"@type\":\"ListItem\",\"position\":3,\"name\":\"Wochenr\u00fcckblick\"}]},{\"@type\":\"WebSite\",\"@id\":\"http:\\\/\\\/erik-marquardt.eu\\\/#website\",\"url\":\"http:\\\/\\\/erik-marquardt.eu\\\/\",\"name\":\"Erik Marquardt\",\"description\":\"Mitglied des Europ\u00e4ischen Parlaments \",\"publisher\":{\"@id\":\"http:\\\/\\\/erik-marquardt.eu\\\/#\\\/schema\\\/person\\\/ae6a90f9433e208a6be9ba844e6cff23\"},\"potentialAction\":[{\"@type\":\"SearchAction\",\"target\":{\"@type\":\"EntryPoint\",\"urlTemplate\":\"http:\\\/\\\/erik-marquardt.eu\\\/?s={search_term_string}\"},\"query-input\":{\"@type\":\"PropertyValueSpecification\",\"valueRequired\":true,\"valueName\":\"search_term_string\"}}],\"inLanguage\":\"en-GB\"},{\"@type\":[\"Person\",\"Organization\"],\"@id\":\"http:\\\/\\\/erik-marquardt.eu\\\/#\\\/schema\\\/person\\\/ae6a90f9433e208a6be9ba844e6cff23\",\"name\":\"Erik Marquardt\",\"image\":{\"@type\":\"ImageObject\",\"inLanguage\":\"en-GB\",\"@id\":\"https:\\\/\\\/erik-marquardt.eu\\\/wp-content\\\/uploads\\\/2025\\\/12\\\/erik-markquardt_combined-logo_same-size.svg\",\"url\":\"https:\\\/\\\/erik-marquardt.eu\\\/wp-content\\\/uploads\\\/2025\\\/12\\\/erik-markquardt_combined-logo_same-size.svg\",\"contentUrl\":\"https:\\\/\\\/erik-marquardt.eu\\\/wp-content\\\/uploads\\\/2025\\\/12\\\/erik-markquardt_combined-logo_same-size.svg\",\"width\":370,\"height\":123,\"caption\":\"Erik Marquardt\"},\"logo\":{\"@id\":\"https:\\\/\\\/erik-marquardt.eu\\\/wp-content\\\/uploads\\\/2025\\\/12\\\/erik-markquardt_combined-logo_same-size.svg\"}}]}<\/script>\n<!-- \/ Yoast SEO plugin. -->","yoast_head_json":{"title":"Wochenr\u00fcckblick - Erik Marquardt","robots":{"index":"index","follow":"follow","max-snippet":"max-snippet:-1","max-image-preview":"max-image-preview:large","max-video-preview":"max-video-preview:-1"},"canonical":"http:\/\/erik-marquardt.eu\/en\/blog\/wochenrueckblick\/","next":"http:\/\/erik-marquardt.eu\/blog\/wochenrueckblick\/10311?query-14-page=2","og_locale":"en_GB","og_type":"article","og_title":"Wochenr\u00fcckblick - Erik Marquardt","og_description":"Hier gebe ich am Ende der Woche einen \u00dcberblick \u00fcber meine Arbeit und die aktuell wichtigen Debatten und Themen im Europ\u00e4ischen Parlament.","og_url":"http:\/\/erik-marquardt.eu\/en\/blog\/wochenrueckblick\/","og_site_name":"Erik Marquardt","article_modified_time":"2026-02-13T09:33:55+00:00","og_image":[{"url":"https:\/\/erik-marquardt.eu\/wp-content\/uploads\/2021\/02\/Opening_of_February_plenary_session_with_Vice-president_McGuinness_49517029202-1200x800-1.jpg","type":"","width":"","height":""}],"twitter_card":"summary_large_image","twitter_misc":{"Estimated reading time":"1 minute"},"schema":{"@context":"https:\/\/schema.org","@graph":[{"@type":"WebPage","@id":"http:\/\/erik-marquardt.eu\/blog\/wochenrueckblick\/","url":"http:\/\/erik-marquardt.eu\/blog\/wochenrueckblick\/","name":"Wochenr\u00fcckblick - Erik Marquardt","isPartOf":{"@id":"http:\/\/erik-marquardt.eu\/#website"},"primaryImageOfPage":{"@id":"http:\/\/erik-marquardt.eu\/blog\/wochenrueckblick\/#primaryimage"},"image":{"@id":"http:\/\/erik-marquardt.eu\/blog\/wochenrueckblick\/#primaryimage"},"thumbnailUrl":"https:\/\/erik-marquardt.eu\/wp-content\/uploads\/2021\/02\/Opening_of_February_plenary_session_with_Vice-president_McGuinness_49517029202-1200x800-1.jpg","datePublished":"2025-12-31T10:34:26+00:00","dateModified":"2026-02-13T09:33:55+00:00","breadcrumb":{"@id":"http:\/\/erik-marquardt.eu\/blog\/wochenrueckblick\/#breadcrumb"},"inLanguage":"en-GB","potentialAction":[{"@type":"ReadAction","target":["http:\/\/erik-marquardt.eu\/blog\/wochenrueckblick\/"]}]},{"@type":"ImageObject","inLanguage":"en-GB","@id":"http:\/\/erik-marquardt.eu\/blog\/wochenrueckblick\/#primaryimage","url":"https:\/\/erik-marquardt.eu\/wp-content\/uploads\/2021\/02\/Opening_of_February_plenary_session_with_Vice-president_McGuinness_49517029202-1200x800-1.jpg","contentUrl":"https:\/\/erik-marquardt.eu\/wp-content\/uploads\/2021\/02\/Opening_of_February_plenary_session_with_Vice-president_McGuinness_49517029202-1200x800-1.jpg"},{"@type":"BreadcrumbList","@id":"http:\/\/erik-marquardt.eu\/blog\/wochenrueckblick\/#breadcrumb","itemListElement":[{"@type":"ListItem","position":1,"name":"Startseite","item":"http:\/\/erik-marquardt.eu\/"},{"@type":"ListItem","position":2,"name":"Blog","item":"https:\/\/erik-marquardt.eu\/blog\/"},{"@type":"ListItem","position":3,"name":"Wochenr\u00fcckblick"}]},{"@type":"WebSite","@id":"http:\/\/erik-marquardt.eu\/#website","url":"http:\/\/erik-marquardt.eu\/","name":"Erik Marquardt","description":"Member of the European Parliament","publisher":{"@id":"http:\/\/erik-marquardt.eu\/#\/schema\/person\/ae6a90f9433e208a6be9ba844e6cff23"},"potentialAction":[{"@type":"SearchAction","target":{"@type":"EntryPoint","urlTemplate":"http:\/\/erik-marquardt.eu\/?s={search_term_string}"},"query-input":{"@type":"PropertyValueSpecification","valueRequired":true,"valueName":"search_term_string"}}],"inLanguage":"en-GB"},{"@type":["Person","Organization"],"@id":"http:\/\/erik-marquardt.eu\/#\/schema\/person\/ae6a90f9433e208a6be9ba844e6cff23","name":"Erik Marquardt","image":{"@type":"ImageObject","inLanguage":"en-GB","@id":"https:\/\/erik-marquardt.eu\/wp-content\/uploads\/2025\/12\/erik-markquardt_combined-logo_same-size.svg","url":"https:\/\/erik-marquardt.eu\/wp-content\/uploads\/2025\/12\/erik-markquardt_combined-logo_same-size.svg","contentUrl":"https:\/\/erik-marquardt.eu\/wp-content\/uploads\/2025\/12\/erik-markquardt_combined-logo_same-size.svg","width":370,"height":123,"caption":"Erik Marquardt"},"logo":{"@id":"https:\/\/erik-marquardt.eu\/wp-content\/uploads\/2025\/12\/erik-markquardt_combined-logo_same-size.svg"}}]}},"featured_image_src":null,"featured_image_src_square":null,"jetpack_sharing_enabled":true,"_links":{"self":[{"href":"https:\/\/erik-marquardt.eu\/en\/wp-json\/wp\/v2\/pages\/10311","targetHints":{"allow":["GET"]}}],"collection":[{"href":"https:\/\/erik-marquardt.eu\/en\/wp-json\/wp\/v2\/pages"}],"about":[{"href":"https:\/\/erik-marquardt.eu\/en\/wp-json\/wp\/v2\/types\/page"}],"author":[{"embeddable":true,"href":"https:\/\/erik-marquardt.eu\/en\/wp-json\/wp\/v2\/users\/9"}],"replies":[{"embeddable":true,"href":"https:\/\/erik-marquardt.eu\/en\/wp-json\/wp\/v2\/comments?post=10311"}],"version-history":[{"count":11,"href":"https:\/\/erik-marquardt.eu\/en\/wp-json\/wp\/v2\/pages\/10311\/revisions"}],"predecessor-version":[{"id":10808,"href":"https:\/\/erik-marquardt.eu\/en\/wp-json\/wp\/v2\/pages\/10311\/revisions\/10808"}],"up":[{"embeddable":true,"href":"https:\/\/erik-marquardt.eu\/en\/wp-json\/wp\/v2\/pages\/8"}],"wp:attachment":[{"href":"https:\/\/erik-marquardt.eu\/en\/wp-json\/wp\/v2\/media?parent=10311"}],"curies":[{"name":"wp","href":"https:\/\/api.w.org\/{rel}","templated":true}]}}