{"id":433,"date":"2019-09-12T19:09:10","date_gmt":"2019-09-12T17:09:10","guid":{"rendered":"https:\/\/erik-marquardt.eu\/?page_id=433"},"modified":"2025-03-06T18:35:26","modified_gmt":"2025-03-06T17:35:26","slug":"kontakt","status":"publish","type":"page","link":"http:\/\/erik-marquardt.eu\/en\/contact\/","title":{"rendered":"Contact"},"content":{"rendered":"<div class=\"wp-block-genesis-blocks-gb-container gb-block-container\"><div class=\"gb-container-inside\"><div class=\"gb-container-content\" style=\"max-width:1300px\">\n<div class=\"wp-block-genesis-blocks-gb-columns gb-layout-columns-2 gb-2-col-wideleft aligncenter\" style=\"padding-top:5%;padding-right:5%;padding-bottom:3%;padding-left:5%\"><div class=\"gb-layout-column-wrap gb-block-layout-column-gap-2 gb-is-responsive-column\">\n<div class=\"wp-block-genesis-blocks-gb-column gb-block-layout-column\"><div class=\"gb-block-layout-column-inner\">\n<h3 class=\"wp-block-heading\">Message to Erik Marquardt<\/h3>\n\n\n<div class=\"wp-block-jetpack-contact-form is-layout-flex wp-container-jetpack-contact-form-is-layout-faa3ad1c wp-block-jetpack-contact-form-is-layout-flex\"><a href=\"http:\/\/erik-marquardt.eu\/en\/contact\/\" target=\"_blank\" rel=\"noopener noreferrer\">Submit a form.<\/a><\/div><\/div><\/div>\n\n\n\n<div class=\"wp-block-genesis-blocks-gb-column gb-block-layout-column\"><div class=\"gb-block-layout-column-inner\">\n<h3 class=\"wp-block-heading\">Addresses<\/h3>\n\n\n\n<p class=\"has-small-font-size\">Mail all inquiries to:<br><a href=\"mailto:erik.marquardt@ep.europa.eu\"><strong>erik.marquardt@ep.europa.eu<\/strong><\/a><br><a href=\"http:\/\/instagram.com\/erikmarquardt\">Instagram<\/a>, <a href=\"http:\/\/twitter.com\/ErikMarquardt\">X<\/a>, <a href=\"https:\/\/bsky.app\/profile\/erik-marquardt.eu\">Bluesky<\/a>, <a href=\"https:\/\/www.threads.net\/@erikmarquardt?hl=de\">Threads<\/a>,<a href=\"http:\/\/fb.com\/erikmarquardtde\"> Facebook<\/a><br>Tel: +32 2 28 45851<\/p>\n\n\n\n<p style=\"font-size:14px\"><\/p>\n\n\n\n<hr class=\"wp-block-separator has-css-opacity\"\/>\n\n\n\n<h5 class=\"wp-block-heading\">Brussels Office - European Parliament<\/h5>\n\n\n\n<p style=\"font-size:14px\">Erik Marquardt<br>Wiertzstraat 60<br>B-1047 Bruxelles<\/p>\n\n\n\n<hr class=\"wp-block-separator has-css-opacity\"\/>\n\n\n\n<h5 class=\"wp-block-heading\">Berlin office<\/h5>\n\n\n\n<p style=\"font-size:14px\">Erik Marquardt<br>Schnellerstrasse 22,<br>12439 Berlin<\/p>\n\n\n\n<p style=\"font-size:14px\"><strong><a href=\"mailto:andreas.bergholz@la.europarl.europa.eu\">E-mail Berlin<\/a><\/strong><\/p>\n\n\n\n<hr class=\"wp-block-separator has-css-opacity\"\/>\n\n\n\n<h5 class=\"wp-block-heading\">Magdeburg office<\/h5>\n\n\n\n<p style=\"font-size:14px\">Reilstr. 31, 06114&nbsp;Halle (Saale)<\/p>\n\n\n\n<hr class=\"wp-block-separator has-css-opacity\"\/>\n<\/div><\/div>\n<\/div><\/div>\n\n\n\n<div class=\"wp-block-genesis-blocks-gb-columns gb-layout-columns-1 one-column gb-has-custom-background-color gb-has-custom-text-color gb-columns-center alignfull\" style=\"padding-top:5%;padding-right:5%;padding-bottom:5%;padding-left:5%;background-color:#008200;color:#ffffff\"><div class=\"gb-layout-column-wrap gb-block-layout-column-gap-2 gb-is-responsive-column\" style=\"max-width:700px\">\n<div class=\"wp-block-genesis-blocks-gb-column gb-block-layout-column gb-is-vertically-aligned-center\"><div class=\"gb-block-layout-column-inner\" style=\"text-align:left\">\n<p class=\"has-text-align-center has-large-font-size\"><strong>Subscribe to the newsletter<\/strong><\/p>\n\n\n\n<p class=\"has-medium-font-size\">I'll send you my newsletter here about once a month, plus I'll let you know about events and special news from time to time.<br>By subscribing to my newsletter, you agree to receive it and the associated <a href=\"https:\/\/erik-marquardt.eu\/en\/datenschutz\/\">Data protection<\/a><a href=\"https:\/\/erik-marquardt.eu\/en\/\">moods<\/a> (Newsletter) agree.<\/p>\n\n\n\n\t\t<div class=\"gb-block-newsletter gb-form-styles\" style=\"\" >\n\t\t\t<form method=\"post\" action-xhr=\"http:\/\/erik-marquardt.eu\/wp-admin\/admin-ajax.php\" action=\"\">\n\t\t\t\t<label for=\"gb-newsletter-email-address-1\" class=\"gb-newsletter-email-address-label\">Your email address<\/label>\n\t\t\t\t<input type=\"email\" id=\"gb-newsletter-email-address-1\" name=\"gb-newsletter-email-address\" class=\"gb-newsletter-email-address-input\" \/>\n\t\t\t\t<input class=\"gb-button gb-button-size-medium gb-button-shape-rounded  has-black-color gb-newsletter-submit\" type=\"submit\" style=\"background-color:#ffbe00\"  value=\"Register now\"\/>\n\t\t\t\t<input type=\"hidden\" name=\"gb-newsletter-mailing-list-provider\" value=\"mailchimp\" \/>\n\t\t\t\t<input type=\"hidden\" name=\"gb-newsletter-mailing-list\" value=\"4a29a3a37e\" \/>\n\t\t\t\t<input type=\"hidden\" name=\"gb-newsletter-success-message\" value=\"Vielen Dank f\u00fcr dein Interesse. Bitte best\u00e4tige deine eMail Adresse um dich endg\u00fcltig anzumelden.\" \/>\n\t\t\t\t<input type=\"hidden\" name=\"gb-newsletter-double-opt-in\" value=\"1\" \/>\n\t\t\t\t<input type=\"hidden\" name=\"gb-newsletter-amp-endpoint-request\" value=\"\" \/>\n\t\t\t\t<input type=\"hidden\" name=\"gb-newsletter-form-nonce\" value=\"de093dc174\" \/>\n\t\t\t<input type=\"hidden\" name=\"trp-form-language\" value=\"en\"\/><\/form>\n\t\t\t<div class=\"gb-block-newsletter-errors\" style=\"display: none;\"><\/div>\n\t\t<\/div><\/div><\/div>\n<\/div><\/div>\n<\/div><\/div><\/div>","protected":false},"excerpt":{"rendered":"","protected":false},"author":1,"featured_media":0,"parent":0,"menu_order":0,"comment_status":"closed","ping_status":"closed","template":"templates\/template-builder.php","meta":{"_FSMCFIC_featured_image_caption":"","_FSMCFIC_featured_image_nocaption":"","_FSMCFIC_featured_image_hide":"","footnotes":""},"class_list":["post-433","page","type-page","status-publish","hentry","post","without-featured-image"],"yoast_head":"<!-- This site is optimized with the Yoast SEO plugin v27.3 - https:\/\/yoast.com\/product\/yoast-seo-wordpress\/ -->\n<title>Kontakt - Erik Marquardt<\/title>\n<meta name=\"robots\" content=\"index, follow, max-snippet:-1, max-image-preview:large, max-video-preview:-1\" \/>\n<link rel=\"canonical\" href=\"https:\/\/erik-marquardt.eu\/en\/kontakt\/\" \/>\n<meta property=\"og:locale\" content=\"en_GB\" \/>\n<meta property=\"og:type\" content=\"article\" \/>\n<meta property=\"og:title\" content=\"Kontakt - Erik Marquardt\" \/>\n<meta property=\"og:url\" content=\"https:\/\/erik-marquardt.eu\/en\/kontakt\/\" \/>\n<meta property=\"og:site_name\" content=\"Erik Marquardt\" \/>\n<meta property=\"article:modified_time\" content=\"2025-03-06T17:35:26+00:00\" \/>\n<meta name=\"twitter:card\" content=\"summary_large_image\" \/>\n<meta name=\"twitter:label1\" content=\"Estimated reading time\" \/>\n\t<meta name=\"twitter:data1\" content=\"1 minute\" \/>\n<script type=\"application\/ld+json\" class=\"yoast-schema-graph\">{\"@context\":\"https:\\\/\\\/schema.org\",\"@graph\":[{\"@type\":\"WebPage\",\"@id\":\"https:\\\/\\\/erik-marquardt.eu\\\/kontakt\\\/\",\"url\":\"https:\\\/\\\/erik-marquardt.eu\\\/kontakt\\\/\",\"name\":\"Kontakt - Erik Marquardt\",\"isPartOf\":{\"@id\":\"http:\\\/\\\/erik-marquardt.eu\\\/#website\"},\"datePublished\":\"2019-09-12T17:09:10+00:00\",\"dateModified\":\"2025-03-06T17:35:26+00:00\",\"breadcrumb\":{\"@id\":\"https:\\\/\\\/erik-marquardt.eu\\\/kontakt\\\/#breadcrumb\"},\"inLanguage\":\"en-GB\",\"potentialAction\":[{\"@type\":\"ReadAction\",\"target\":[\"https:\\\/\\\/erik-marquardt.eu\\\/kontakt\\\/\"]}]},{\"@type\":\"BreadcrumbList\",\"@id\":\"https:\\\/\\\/erik-marquardt.eu\\\/kontakt\\\/#breadcrumb\",\"itemListElement\":[{\"@type\":\"ListItem\",\"position\":1,\"name\":\"Startseite\",\"item\":\"http:\\\/\\\/erik-marquardt.eu\\\/\"},{\"@type\":\"ListItem\",\"position\":2,\"name\":\"Kontakt\"}]},{\"@type\":\"WebSite\",\"@id\":\"http:\\\/\\\/erik-marquardt.eu\\\/#website\",\"url\":\"http:\\\/\\\/erik-marquardt.eu\\\/\",\"name\":\"Erik Marquardt\",\"description\":\"Mitglied des Europ\u00e4ischen Parlaments \",\"publisher\":{\"@id\":\"http:\\\/\\\/erik-marquardt.eu\\\/#\\\/schema\\\/person\\\/ae6a90f9433e208a6be9ba844e6cff23\"},\"potentialAction\":[{\"@type\":\"SearchAction\",\"target\":{\"@type\":\"EntryPoint\",\"urlTemplate\":\"http:\\\/\\\/erik-marquardt.eu\\\/?s={search_term_string}\"},\"query-input\":{\"@type\":\"PropertyValueSpecification\",\"valueRequired\":true,\"valueName\":\"search_term_string\"}}],\"inLanguage\":\"en-GB\"},{\"@type\":[\"Person\",\"Organization\"],\"@id\":\"http:\\\/\\\/erik-marquardt.eu\\\/#\\\/schema\\\/person\\\/ae6a90f9433e208a6be9ba844e6cff23\",\"name\":\"Erik Marquardt\",\"image\":{\"@type\":\"ImageObject\",\"inLanguage\":\"en-GB\",\"@id\":\"http:\\\/\\\/erik-marquardt.eu\\\/wp-content\\\/uploads\\\/2025\\\/12\\\/erik-markquardt_combined-logo_same-size.svg\",\"url\":\"http:\\\/\\\/erik-marquardt.eu\\\/wp-content\\\/uploads\\\/2025\\\/12\\\/erik-markquardt_combined-logo_same-size.svg\",\"contentUrl\":\"http:\\\/\\\/erik-marquardt.eu\\\/wp-content\\\/uploads\\\/2025\\\/12\\\/erik-markquardt_combined-logo_same-size.svg\",\"width\":370,\"height\":123,\"caption\":\"Erik Marquardt\"},\"logo\":{\"@id\":\"http:\\\/\\\/erik-marquardt.eu\\\/wp-content\\\/uploads\\\/2025\\\/12\\\/erik-markquardt_combined-logo_same-size.svg\"}}]}<\/script>\n<!-- \/ Yoast SEO plugin. -->","yoast_head_json":{"title":"Contact - Erik Marquardt","robots":{"index":"index","follow":"follow","max-snippet":"max-snippet:-1","max-image-preview":"max-image-preview:large","max-video-preview":"max-video-preview:-1"},"canonical":"https:\/\/erik-marquardt.eu\/en\/kontakt\/","og_locale":"en_GB","og_type":"article","og_title":"Kontakt - Erik Marquardt","og_url":"https:\/\/erik-marquardt.eu\/en\/kontakt\/","og_site_name":"Erik Marquardt","article_modified_time":"2025-03-06T17:35:26+00:00","twitter_card":"summary_large_image","twitter_misc":{"Estimated reading time":"1 minute"},"schema":{"@context":"https:\/\/schema.org","@graph":[{"@type":"WebPage","@id":"https:\/\/erik-marquardt.eu\/kontakt\/","url":"https:\/\/erik-marquardt.eu\/kontakt\/","name":"Contact - Erik Marquardt","isPartOf":{"@id":"http:\/\/erik-marquardt.eu\/#website"},"datePublished":"2019-09-12T17:09:10+00:00","dateModified":"2025-03-06T17:35:26+00:00","breadcrumb":{"@id":"https:\/\/erik-marquardt.eu\/kontakt\/#breadcrumb"},"inLanguage":"en-GB","potentialAction":[{"@type":"ReadAction","target":["https:\/\/erik-marquardt.eu\/kontakt\/"]}]},{"@type":"BreadcrumbList","@id":"https:\/\/erik-marquardt.eu\/kontakt\/#breadcrumb","itemListElement":[{"@type":"ListItem","position":1,"name":"Startseite","item":"http:\/\/erik-marquardt.eu\/"},{"@type":"ListItem","position":2,"name":"Kontakt"}]},{"@type":"WebSite","@id":"http:\/\/erik-marquardt.eu\/#website","url":"http:\/\/erik-marquardt.eu\/","name":"Erik Marquardt","description":"Member of the European Parliament","publisher":{"@id":"http:\/\/erik-marquardt.eu\/#\/schema\/person\/ae6a90f9433e208a6be9ba844e6cff23"},"potentialAction":[{"@type":"SearchAction","target":{"@type":"EntryPoint","urlTemplate":"http:\/\/erik-marquardt.eu\/?s={search_term_string}"},"query-input":{"@type":"PropertyValueSpecification","valueRequired":true,"valueName":"search_term_string"}}],"inLanguage":"en-GB"},{"@type":["Person","Organization"],"@id":"http:\/\/erik-marquardt.eu\/#\/schema\/person\/ae6a90f9433e208a6be9ba844e6cff23","name":"Erik Marquardt","image":{"@type":"ImageObject","inLanguage":"en-GB","@id":"http:\/\/erik-marquardt.eu\/wp-content\/uploads\/2025\/12\/erik-markquardt_combined-logo_same-size.svg","url":"http:\/\/erik-marquardt.eu\/wp-content\/uploads\/2025\/12\/erik-markquardt_combined-logo_same-size.svg","contentUrl":"http:\/\/erik-marquardt.eu\/wp-content\/uploads\/2025\/12\/erik-markquardt_combined-logo_same-size.svg","width":370,"height":123,"caption":"Erik Marquardt"},"logo":{"@id":"http:\/\/erik-marquardt.eu\/wp-content\/uploads\/2025\/12\/erik-markquardt_combined-logo_same-size.svg"}}]}},"featured_image_src":null,"featured_image_src_square":null,"jetpack_sharing_enabled":true,"_links":{"self":[{"href":"http:\/\/erik-marquardt.eu\/en\/wp-json\/wp\/v2\/pages\/433","targetHints":{"allow":["GET"]}}],"collection":[{"href":"http:\/\/erik-marquardt.eu\/en\/wp-json\/wp\/v2\/pages"}],"about":[{"href":"http:\/\/erik-marquardt.eu\/en\/wp-json\/wp\/v2\/types\/page"}],"author":[{"embeddable":true,"href":"http:\/\/erik-marquardt.eu\/en\/wp-json\/wp\/v2\/users\/1"}],"replies":[{"embeddable":true,"href":"http:\/\/erik-marquardt.eu\/en\/wp-json\/wp\/v2\/comments?post=433"}],"version-history":[{"count":0,"href":"http:\/\/erik-marquardt.eu\/en\/wp-json\/wp\/v2\/pages\/433\/revisions"}],"wp:attachment":[{"href":"http:\/\/erik-marquardt.eu\/en\/wp-json\/wp\/v2\/media?parent=433"}],"curies":[{"name":"wp","href":"https:\/\/api.w.org\/{rel}","templated":true}]}}