{"id":2332,"date":"2021-05-24T11:07:43","date_gmt":"2021-05-24T09:07:43","guid":{"rendered":"https:\/\/erik-marquardt.eu\/?page_id=2332"},"modified":"2023-07-19T13:41:51","modified_gmt":"2023-07-19T11:41:51","slug":"news","status":"publish","type":"page","link":"http:\/\/erik-marquardt.eu\/en\/news\/","title":{"rendered":"Latest News"},"content":{"rendered":"<p>On this page you will find an overview of my news feeds:<\/p>\n\n\n\n<h2 class=\"wp-block-heading\">News from the Borders<\/h2>\n\n\n\n<p><a href=\"https:\/\/erik-marquardt.eu\/en\/news-from-borders\/\">A daily compilation of the news<\/a> on the most important developments and decisions in European asylum and migration policy and on the situation at Europe's external borders. Border News is also delivered directly to your cell phone every day: <a href=\"https:\/\/t.me\/erikmarquardt\">Click here to go to the Telegram channel.<\/a><\/p>\n\n\n\n<h2 class=\"wp-block-heading\">What was important this week<\/h2>\n\n\n\n<p><a href=\"https:\/\/erik-marquardt.eu\/en\/2021\/10\/15\/wochenrueckblick\/\">Here I give an overview at the end of the week<\/a> about my work and the currently important debates and issues in the European Parliament.<\/p>\n\n\n\n<div class=\"wp-block-genesis-blocks-gb-columns gb-layout-columns-1 one-column gb-has-custom-background-color gb-has-custom-text-color gb-columns-center alignfull\" style=\"padding-top:5%;padding-right:5%;padding-bottom:5%;padding-left:5%;background-color:#008200;color:#ffffff\"><div class=\"gb-layout-column-wrap gb-block-layout-column-gap-2 gb-is-responsive-column\" style=\"max-width:700px\">\n<div class=\"wp-block-genesis-blocks-gb-column gb-block-layout-column gb-is-vertically-aligned-center\"><div class=\"gb-block-layout-column-inner\" style=\"text-align:left\">\n<p class=\"has-text-align-center has-large-font-size\"><strong>Subscribe to the newsletter<\/strong><\/p>\n\n\n\n<p class=\"has-medium-font-size\">I'll send you my newsletter here about once a month, plus I'll let you know about events and special news from time to time.<br>By subscribing to my newsletter, you agree to receive it and the associated <a href=\"https:\/\/erik-marquardt.eu\/en\/datenschutz\/\">Data protection<\/a><a href=\"https:\/\/erik-marquardt.eu\/en\/\">moods<\/a> (Newsletter) agree.<\/p>\n\n\n\n\t\t<div class=\"gb-block-newsletter gb-form-styles\" style=\"\" >\n\t\t\t<form method=\"post\" action-xhr=\"http:\/\/erik-marquardt.eu\/wp-admin\/admin-ajax.php\" action=\"\">\n\t\t\t\t<label for=\"gb-newsletter-email-address-1\" class=\"gb-newsletter-email-address-label\">Your email address<\/label>\n\t\t\t\t<input type=\"email\" id=\"gb-newsletter-email-address-1\" name=\"gb-newsletter-email-address\" class=\"gb-newsletter-email-address-input\" \/>\n\t\t\t\t<input class=\"gb-button gb-button-size-medium gb-button-shape-rounded  has-black-color gb-newsletter-submit\" type=\"submit\" style=\"background-color:#ffbe00\"  value=\"Register now\"\/>\n\t\t\t\t<input type=\"hidden\" name=\"gb-newsletter-mailing-list-provider\" value=\"mailchimp\" \/>\n\t\t\t\t<input type=\"hidden\" name=\"gb-newsletter-mailing-list\" value=\"4a29a3a37e\" \/>\n\t\t\t\t<input type=\"hidden\" name=\"gb-newsletter-success-message\" value=\"Vielen Dank f\u00fcr dein Interesse. Bitte best\u00e4tige deine eMail Adresse um dich endg\u00fcltig anzumelden.\" \/>\n\t\t\t\t<input type=\"hidden\" name=\"gb-newsletter-double-opt-in\" value=\"1\" \/>\n\t\t\t\t<input type=\"hidden\" name=\"gb-newsletter-amp-endpoint-request\" value=\"\" \/>\n\t\t\t\t<input type=\"hidden\" name=\"gb-newsletter-form-nonce\" value=\"27607cd2a3\" \/>\n\t\t\t<input type=\"hidden\" name=\"trp-form-language\" value=\"en\"\/><\/form>\n\t\t\t<div class=\"gb-block-newsletter-errors\" style=\"display: none;\"><\/div>\n\t\t<\/div><\/div><\/div>\n<\/div><\/div>","protected":false},"excerpt":{"rendered":"<p>On this page you will find an overview of my news feeds: News from the Borders A daily compilation of news about the most important developments and decisions in European asylum and migration policy and about the situation at the European external borders. You can also get the Border news directly to your cell phone every day: go to the Telegram channel here. What this week &hellip;<\/p>","protected":false},"author":2,"featured_media":0,"parent":0,"menu_order":0,"comment_status":"closed","ping_status":"closed","template":"","meta":{"_FSMCFIC_featured_image_caption":"","_FSMCFIC_featured_image_nocaption":"","_FSMCFIC_featured_image_hide":"","footnotes":""},"class_list":["post-2332","page","type-page","status-publish","hentry","post","without-featured-image"],"yoast_head":"<!-- This site is optimized with the Yoast SEO plugin v27.4 - https:\/\/yoast.com\/product\/yoast-seo-wordpress\/ -->\n<title>Aktuelle News - Erik Marquardt<\/title>\n<meta name=\"robots\" content=\"index, follow, max-snippet:-1, max-image-preview:large, max-video-preview:-1\" \/>\n<link rel=\"canonical\" href=\"http:\/\/erik-marquardt.eu\/en\/news\/\" \/>\n<meta property=\"og:locale\" content=\"en_GB\" \/>\n<meta property=\"og:type\" content=\"article\" \/>\n<meta property=\"og:title\" content=\"Aktuelle News - Erik Marquardt\" \/>\n<meta property=\"og:description\" content=\"Auf dieser Seite findet ihr eine \u00dcbersicht \u00fcber meine News-Feeds: News from the Borders Eine t\u00e4gliche Zusammenstellung der Nachrichten \u00fcber die wichtigsten Entwicklungen und Entscheidungen in der europ\u00e4ischen Asyl- und Migrationspolitik und \u00fcber die Lage an den europ\u00e4ischen Au\u00dfengrenzen. Die Border-News gibt es au\u00dferdem t\u00e4glich direkt aufs Handy: Hier geht\u2019s zum Telegram-Channel. Was diese Woche &hellip;\" \/>\n<meta property=\"og:url\" content=\"http:\/\/erik-marquardt.eu\/en\/news\/\" \/>\n<meta property=\"og:site_name\" content=\"Erik Marquardt\" \/>\n<meta property=\"article:modified_time\" content=\"2023-07-19T11:41:51+00:00\" \/>\n<meta name=\"twitter:card\" content=\"summary_large_image\" \/>\n<meta name=\"twitter:label1\" content=\"Estimated reading time\" \/>\n\t<meta name=\"twitter:data1\" content=\"1 minute\" \/>\n<script type=\"application\/ld+json\" class=\"yoast-schema-graph\">{\"@context\":\"https:\\\/\\\/schema.org\",\"@graph\":[{\"@type\":\"WebPage\",\"@id\":\"http:\\\/\\\/erik-marquardt.eu\\\/news\\\/\",\"url\":\"http:\\\/\\\/erik-marquardt.eu\\\/news\\\/\",\"name\":\"Aktuelle News - Erik Marquardt\",\"isPartOf\":{\"@id\":\"https:\\\/\\\/erik-marquardt.eu\\\/#website\"},\"datePublished\":\"2021-05-24T09:07:43+00:00\",\"dateModified\":\"2023-07-19T11:41:51+00:00\",\"breadcrumb\":{\"@id\":\"http:\\\/\\\/erik-marquardt.eu\\\/news\\\/#breadcrumb\"},\"inLanguage\":\"en-GB\",\"potentialAction\":[{\"@type\":\"ReadAction\",\"target\":[\"http:\\\/\\\/erik-marquardt.eu\\\/news\\\/\"]}]},{\"@type\":\"BreadcrumbList\",\"@id\":\"http:\\\/\\\/erik-marquardt.eu\\\/news\\\/#breadcrumb\",\"itemListElement\":[{\"@type\":\"ListItem\",\"position\":1,\"name\":\"Startseite\",\"item\":\"http:\\\/\\\/erik-marquardt.eu\\\/en\\\/\"},{\"@type\":\"ListItem\",\"position\":2,\"name\":\"Aktuelle News\"}]},{\"@type\":\"WebSite\",\"@id\":\"https:\\\/\\\/erik-marquardt.eu\\\/#website\",\"url\":\"https:\\\/\\\/erik-marquardt.eu\\\/\",\"name\":\"Erik Marquardt\",\"description\":\"Mitglied des Europ\u00e4ischen Parlaments \",\"publisher\":{\"@id\":\"https:\\\/\\\/erik-marquardt.eu\\\/#\\\/schema\\\/person\\\/ae6a90f9433e208a6be9ba844e6cff23\"},\"potentialAction\":[{\"@type\":\"SearchAction\",\"target\":{\"@type\":\"EntryPoint\",\"urlTemplate\":\"https:\\\/\\\/erik-marquardt.eu\\\/?s={search_term_string}\"},\"query-input\":{\"@type\":\"PropertyValueSpecification\",\"valueRequired\":true,\"valueName\":\"search_term_string\"}}],\"inLanguage\":\"en-GB\"},{\"@type\":[\"Person\",\"Organization\"],\"@id\":\"https:\\\/\\\/erik-marquardt.eu\\\/#\\\/schema\\\/person\\\/ae6a90f9433e208a6be9ba844e6cff23\",\"name\":\"Erik Marquardt\",\"image\":{\"@type\":\"ImageObject\",\"inLanguage\":\"en-GB\",\"@id\":\"http:\\\/\\\/erik-marquardt.eu\\\/wp-content\\\/uploads\\\/2025\\\/12\\\/erik-markquardt_combined-logo_same-size.svg\",\"url\":\"http:\\\/\\\/erik-marquardt.eu\\\/wp-content\\\/uploads\\\/2025\\\/12\\\/erik-markquardt_combined-logo_same-size.svg\",\"contentUrl\":\"http:\\\/\\\/erik-marquardt.eu\\\/wp-content\\\/uploads\\\/2025\\\/12\\\/erik-markquardt_combined-logo_same-size.svg\",\"width\":370,\"height\":123,\"caption\":\"Erik Marquardt\"},\"logo\":{\"@id\":\"http:\\\/\\\/erik-marquardt.eu\\\/wp-content\\\/uploads\\\/2025\\\/12\\\/erik-markquardt_combined-logo_same-size.svg\"}}]}<\/script>\n<!-- \/ Yoast SEO plugin. -->","yoast_head_json":{"title":"Latest News - Erik Marquardt","robots":{"index":"index","follow":"follow","max-snippet":"max-snippet:-1","max-image-preview":"max-image-preview:large","max-video-preview":"max-video-preview:-1"},"canonical":"http:\/\/erik-marquardt.eu\/en\/news\/","og_locale":"en_GB","og_type":"article","og_title":"Aktuelle News - Erik Marquardt","og_description":"Auf dieser Seite findet ihr eine \u00dcbersicht \u00fcber meine News-Feeds: News from the Borders Eine t\u00e4gliche Zusammenstellung der Nachrichten \u00fcber die wichtigsten Entwicklungen und Entscheidungen in der europ\u00e4ischen Asyl- und Migrationspolitik und \u00fcber die Lage an den europ\u00e4ischen Au\u00dfengrenzen. Die Border-News gibt es au\u00dferdem t\u00e4glich direkt aufs Handy: Hier geht\u2019s zum Telegram-Channel. Was diese Woche &hellip;","og_url":"http:\/\/erik-marquardt.eu\/en\/news\/","og_site_name":"Erik Marquardt","article_modified_time":"2023-07-19T11:41:51+00:00","twitter_card":"summary_large_image","twitter_misc":{"Estimated reading time":"1 minute"},"schema":{"@context":"https:\/\/schema.org","@graph":[{"@type":"WebPage","@id":"http:\/\/erik-marquardt.eu\/news\/","url":"http:\/\/erik-marquardt.eu\/news\/","name":"Latest News - Erik Marquardt","isPartOf":{"@id":"https:\/\/erik-marquardt.eu\/#website"},"datePublished":"2021-05-24T09:07:43+00:00","dateModified":"2023-07-19T11:41:51+00:00","breadcrumb":{"@id":"http:\/\/erik-marquardt.eu\/news\/#breadcrumb"},"inLanguage":"en-GB","potentialAction":[{"@type":"ReadAction","target":["http:\/\/erik-marquardt.eu\/news\/"]}]},{"@type":"BreadcrumbList","@id":"http:\/\/erik-marquardt.eu\/news\/#breadcrumb","itemListElement":[{"@type":"ListItem","position":1,"name":"Startseite","item":"http:\/\/erik-marquardt.eu\/en\/"},{"@type":"ListItem","position":2,"name":"Aktuelle News"}]},{"@type":"WebSite","@id":"https:\/\/erik-marquardt.eu\/#website","url":"https:\/\/erik-marquardt.eu\/","name":"Erik Marquardt","description":"Member of the European Parliament","publisher":{"@id":"https:\/\/erik-marquardt.eu\/#\/schema\/person\/ae6a90f9433e208a6be9ba844e6cff23"},"potentialAction":[{"@type":"SearchAction","target":{"@type":"EntryPoint","urlTemplate":"https:\/\/erik-marquardt.eu\/?s={search_term_string}"},"query-input":{"@type":"PropertyValueSpecification","valueRequired":true,"valueName":"search_term_string"}}],"inLanguage":"en-GB"},{"@type":["Person","Organization"],"@id":"https:\/\/erik-marquardt.eu\/#\/schema\/person\/ae6a90f9433e208a6be9ba844e6cff23","name":"Erik Marquardt","image":{"@type":"ImageObject","inLanguage":"en-GB","@id":"http:\/\/erik-marquardt.eu\/wp-content\/uploads\/2025\/12\/erik-markquardt_combined-logo_same-size.svg","url":"http:\/\/erik-marquardt.eu\/wp-content\/uploads\/2025\/12\/erik-markquardt_combined-logo_same-size.svg","contentUrl":"http:\/\/erik-marquardt.eu\/wp-content\/uploads\/2025\/12\/erik-markquardt_combined-logo_same-size.svg","width":370,"height":123,"caption":"Erik Marquardt"},"logo":{"@id":"http:\/\/erik-marquardt.eu\/wp-content\/uploads\/2025\/12\/erik-markquardt_combined-logo_same-size.svg"}}]}},"featured_image_src":null,"featured_image_src_square":null,"jetpack_sharing_enabled":true,"_links":{"self":[{"href":"http:\/\/erik-marquardt.eu\/en\/wp-json\/wp\/v2\/pages\/2332","targetHints":{"allow":["GET"]}}],"collection":[{"href":"http:\/\/erik-marquardt.eu\/en\/wp-json\/wp\/v2\/pages"}],"about":[{"href":"http:\/\/erik-marquardt.eu\/en\/wp-json\/wp\/v2\/types\/page"}],"author":[{"embeddable":true,"href":"http:\/\/erik-marquardt.eu\/en\/wp-json\/wp\/v2\/users\/2"}],"replies":[{"embeddable":true,"href":"http:\/\/erik-marquardt.eu\/en\/wp-json\/wp\/v2\/comments?post=2332"}],"version-history":[{"count":0,"href":"http:\/\/erik-marquardt.eu\/en\/wp-json\/wp\/v2\/pages\/2332\/revisions"}],"wp:attachment":[{"href":"http:\/\/erik-marquardt.eu\/en\/wp-json\/wp\/v2\/media?parent=2332"}],"curies":[{"name":"wp","href":"https:\/\/api.w.org\/{rel}","templated":true}]}}