{"id":2098,"date":"2021-03-20T10:25:06","date_gmt":"2021-03-20T09:25:06","guid":{"rendered":"https:\/\/erik-marquardt.eu\/?page_id=2098"},"modified":"2023-07-19T13:31:17","modified_gmt":"2023-07-19T11:31:17","slug":"newsletter","status":"publish","type":"page","link":"http:\/\/erik-marquardt.eu\/en\/newsletter\/","title":{"rendered":"Newsletter subscription"},"content":{"rendered":"<p>Everything that is important at the external borders, in the European Parliament and otherwise comes about once a month to you in the mailbox. In addition, I inform you about important news and events, but not so many mails arrive that it bothers you. \ud83d\ude42<\/p>\n\n\n\n<div class=\"wp-block-genesis-blocks-gb-columns gb-layout-columns-1 one-column gb-has-custom-background-color gb-has-custom-text-color gb-columns-center alignfull\" style=\"padding-top:5%;padding-right:5%;padding-bottom:5%;padding-left:5%;background-color:#008200;color:#ffffff\"><div class=\"gb-layout-column-wrap gb-block-layout-column-gap-2 gb-is-responsive-column\" style=\"max-width:700px\">\n<div class=\"wp-block-genesis-blocks-gb-column gb-block-layout-column gb-is-vertically-aligned-center\"><div class=\"gb-block-layout-column-inner\" style=\"text-align:left\">\n<p class=\"has-text-align-center has-large-font-size\"><strong>Subscribe to the newsletter<\/strong><\/p>\n\n\n\n<p class=\"has-medium-font-size\">I'll send you my newsletter here about once a month, plus I'll let you know about events and special news from time to time.<br>By subscribing to my newsletter, you agree to receive it and the associated <a href=\"https:\/\/erik-marquardt.eu\/en\/datenschutz\/\">Data protection<\/a><a href=\"https:\/\/erik-marquardt.eu\/en\/\">moods<\/a> (Newsletter) agree.<\/p>\n\n\n\n\t\t<div class=\"gb-block-newsletter gb-form-styles\" style=\"\" >\n\t\t\t<form method=\"post\" action-xhr=\"http:\/\/erik-marquardt.eu\/wp-admin\/admin-ajax.php\" action=\"\">\n\t\t\t\t<label for=\"gb-newsletter-email-address-1\" class=\"gb-newsletter-email-address-label\">Your email address<\/label>\n\t\t\t\t<input type=\"email\" id=\"gb-newsletter-email-address-1\" name=\"gb-newsletter-email-address\" class=\"gb-newsletter-email-address-input\" \/>\n\t\t\t\t<input class=\"gb-button gb-button-size-medium gb-button-shape-rounded  has-black-color gb-newsletter-submit\" type=\"submit\" style=\"background-color:#ffbe00\"  value=\"Register now\"\/>\n\t\t\t\t<input type=\"hidden\" name=\"gb-newsletter-mailing-list-provider\" value=\"mailchimp\" \/>\n\t\t\t\t<input type=\"hidden\" name=\"gb-newsletter-mailing-list\" value=\"4a29a3a37e\" \/>\n\t\t\t\t<input type=\"hidden\" name=\"gb-newsletter-success-message\" value=\"Vielen Dank f\u00fcr dein Interesse. Bitte best\u00e4tige deine eMail Adresse um dich endg\u00fcltig anzumelden.\" \/>\n\t\t\t\t<input type=\"hidden\" name=\"gb-newsletter-double-opt-in\" value=\"1\" \/>\n\t\t\t\t<input type=\"hidden\" name=\"gb-newsletter-amp-endpoint-request\" value=\"\" \/>\n\t\t\t\t<input type=\"hidden\" name=\"gb-newsletter-form-nonce\" value=\"784f9486b1\" \/>\n\t\t\t<input type=\"hidden\" name=\"trp-form-language\" value=\"en\"\/><\/form>\n\t\t\t<div class=\"gb-block-newsletter-errors\" style=\"display: none;\"><\/div>\n\t\t<\/div><\/div><\/div>\n<\/div><\/div>","protected":false},"excerpt":{"rendered":"<p>Everything that is important at the external borders, in the European Parliament and otherwise comes about once a month to you in the mailbox. In addition, I inform you about important news and events, but not so many mails arrive that it bothers you. \ud83d\ude42<\/p>","protected":false},"author":2,"featured_media":0,"parent":0,"menu_order":0,"comment_status":"closed","ping_status":"closed","template":"","meta":{"_FSMCFIC_featured_image_caption":"","_FSMCFIC_featured_image_nocaption":"","_FSMCFIC_featured_image_hide":"","footnotes":""},"class_list":["post-2098","page","type-page","status-publish","hentry","post","without-featured-image"],"yoast_head":"<!-- This site is optimized with the Yoast SEO plugin v27.3 - https:\/\/yoast.com\/product\/yoast-seo-wordpress\/ -->\n<title>Newsletteranmeldung - Erik Marquardt<\/title>\n<meta name=\"description\" content=\"Alles, was an den Au\u00dfengrenzen, im Europaparlament und sonst so wichtig ist - einmal im Monat kurz und knackig im Postfach.\" \/>\n<meta name=\"robots\" content=\"index, follow, max-snippet:-1, max-image-preview:large, max-video-preview:-1\" \/>\n<link rel=\"canonical\" href=\"http:\/\/erik-marquardt.eu\/en\/newsletter\/\" \/>\n<meta property=\"og:locale\" content=\"en_GB\" \/>\n<meta property=\"og:type\" content=\"article\" \/>\n<meta property=\"og:title\" content=\"Newsletteranmeldung - Erik Marquardt\" \/>\n<meta property=\"og:description\" content=\"Alles, was an den Au\u00dfengrenzen, im Europaparlament und sonst so wichtig ist - einmal im Monat kurz und knackig im Postfach.\" \/>\n<meta property=\"og:url\" content=\"http:\/\/erik-marquardt.eu\/en\/newsletter\/\" \/>\n<meta property=\"og:site_name\" content=\"Erik Marquardt\" \/>\n<meta property=\"article:modified_time\" content=\"2023-07-19T11:31:17+00:00\" \/>\n<meta name=\"twitter:card\" content=\"summary_large_image\" \/>\n<meta name=\"twitter:label1\" content=\"Estimated reading time\" \/>\n\t<meta name=\"twitter:data1\" content=\"1 minute\" \/>\n<script type=\"application\/ld+json\" class=\"yoast-schema-graph\">{\"@context\":\"https:\\\/\\\/schema.org\",\"@graph\":[{\"@type\":\"WebPage\",\"@id\":\"http:\\\/\\\/erik-marquardt.eu\\\/en\\\/newsletter\\\/\",\"url\":\"http:\\\/\\\/erik-marquardt.eu\\\/en\\\/newsletter\\\/\",\"name\":\"Newsletteranmeldung - Erik Marquardt\",\"isPartOf\":{\"@id\":\"https:\\\/\\\/erik-marquardt.eu\\\/en\\\/#website\"},\"datePublished\":\"2021-03-20T09:25:06+00:00\",\"dateModified\":\"2023-07-19T11:31:17+00:00\",\"description\":\"Alles, was an den Au\u00dfengrenzen, im Europaparlament und sonst so wichtig ist - einmal im Monat kurz und knackig im Postfach.\",\"breadcrumb\":{\"@id\":\"http:\\\/\\\/erik-marquardt.eu\\\/en\\\/newsletter\\\/#breadcrumb\"},\"inLanguage\":\"en-GB\",\"potentialAction\":[{\"@type\":\"ReadAction\",\"target\":[\"http:\\\/\\\/erik-marquardt.eu\\\/en\\\/newsletter\\\/\"]}]},{\"@type\":\"BreadcrumbList\",\"@id\":\"http:\\\/\\\/erik-marquardt.eu\\\/en\\\/newsletter\\\/#breadcrumb\",\"itemListElement\":[{\"@type\":\"ListItem\",\"position\":1,\"name\":\"Startseite\",\"item\":\"https:\\\/\\\/erik-marquardt.eu\\\/en\\\/\"},{\"@type\":\"ListItem\",\"position\":2,\"name\":\"Newsletteranmeldung\"}]},{\"@type\":\"WebSite\",\"@id\":\"https:\\\/\\\/erik-marquardt.eu\\\/en\\\/#website\",\"url\":\"https:\\\/\\\/erik-marquardt.eu\\\/en\\\/\",\"name\":\"Erik Marquardt\",\"description\":\"Mitglied des Europ\u00e4ischen Parlaments \",\"publisher\":{\"@id\":\"https:\\\/\\\/erik-marquardt.eu\\\/en\\\/#\\\/schema\\\/person\\\/ae6a90f9433e208a6be9ba844e6cff23\"},\"potentialAction\":[{\"@type\":\"SearchAction\",\"target\":{\"@type\":\"EntryPoint\",\"urlTemplate\":\"https:\\\/\\\/erik-marquardt.eu\\\/en\\\/?s={search_term_string}\"},\"query-input\":{\"@type\":\"PropertyValueSpecification\",\"valueRequired\":true,\"valueName\":\"search_term_string\"}}],\"inLanguage\":\"en-GB\"},{\"@type\":[\"Person\",\"Organization\"],\"@id\":\"https:\\\/\\\/erik-marquardt.eu\\\/en\\\/#\\\/schema\\\/person\\\/ae6a90f9433e208a6be9ba844e6cff23\",\"name\":\"Erik Marquardt\",\"image\":{\"@type\":\"ImageObject\",\"inLanguage\":\"en-GB\",\"@id\":\"http:\\\/\\\/erik-marquardt.eu\\\/wp-content\\\/uploads\\\/2025\\\/12\\\/erik-markquardt_combined-logo_same-size.svg\",\"url\":\"http:\\\/\\\/erik-marquardt.eu\\\/wp-content\\\/uploads\\\/2025\\\/12\\\/erik-markquardt_combined-logo_same-size.svg\",\"contentUrl\":\"http:\\\/\\\/erik-marquardt.eu\\\/wp-content\\\/uploads\\\/2025\\\/12\\\/erik-markquardt_combined-logo_same-size.svg\",\"width\":370,\"height\":123,\"caption\":\"Erik Marquardt\"},\"logo\":{\"@id\":\"http:\\\/\\\/erik-marquardt.eu\\\/wp-content\\\/uploads\\\/2025\\\/12\\\/erik-markquardt_combined-logo_same-size.svg\"}}]}<\/script>\n<!-- \/ Yoast SEO plugin. -->","yoast_head_json":{"title":"Newsletter subscription - Erik Marquardt","description":"Everything that is important at the external borders, in the European Parliament and elsewhere - once a month in short and crisp in the mailbox.","robots":{"index":"index","follow":"follow","max-snippet":"max-snippet:-1","max-image-preview":"max-image-preview:large","max-video-preview":"max-video-preview:-1"},"canonical":"http:\/\/erik-marquardt.eu\/en\/newsletter\/","og_locale":"en_GB","og_type":"article","og_title":"Newsletteranmeldung - Erik Marquardt","og_description":"Alles, was an den Au\u00dfengrenzen, im Europaparlament und sonst so wichtig ist - einmal im Monat kurz und knackig im Postfach.","og_url":"http:\/\/erik-marquardt.eu\/en\/newsletter\/","og_site_name":"Erik Marquardt","article_modified_time":"2023-07-19T11:31:17+00:00","twitter_card":"summary_large_image","twitter_misc":{"Estimated reading time":"1 minute"},"schema":{"@context":"https:\/\/schema.org","@graph":[{"@type":"WebPage","@id":"http:\/\/erik-marquardt.eu\/en\/newsletter\/","url":"http:\/\/erik-marquardt.eu\/en\/newsletter\/","name":"Newsletter subscription - Erik Marquardt","isPartOf":{"@id":"https:\/\/erik-marquardt.eu\/en\/#website"},"datePublished":"2021-03-20T09:25:06+00:00","dateModified":"2023-07-19T11:31:17+00:00","description":"Everything that is important at the external borders, in the European Parliament and elsewhere - once a month in short and crisp in the mailbox.","breadcrumb":{"@id":"http:\/\/erik-marquardt.eu\/en\/newsletter\/#breadcrumb"},"inLanguage":"en-GB","potentialAction":[{"@type":"ReadAction","target":["http:\/\/erik-marquardt.eu\/en\/newsletter\/"]}]},{"@type":"BreadcrumbList","@id":"http:\/\/erik-marquardt.eu\/en\/newsletter\/#breadcrumb","itemListElement":[{"@type":"ListItem","position":1,"name":"Startseite","item":"https:\/\/erik-marquardt.eu\/en\/"},{"@type":"ListItem","position":2,"name":"Newsletteranmeldung"}]},{"@type":"WebSite","@id":"https:\/\/erik-marquardt.eu\/en\/#website","url":"https:\/\/erik-marquardt.eu\/en\/","name":"Erik Marquardt","description":"Member of the European Parliament","publisher":{"@id":"https:\/\/erik-marquardt.eu\/en\/#\/schema\/person\/ae6a90f9433e208a6be9ba844e6cff23"},"potentialAction":[{"@type":"SearchAction","target":{"@type":"EntryPoint","urlTemplate":"https:\/\/erik-marquardt.eu\/en\/?s={search_term_string}"},"query-input":{"@type":"PropertyValueSpecification","valueRequired":true,"valueName":"search_term_string"}}],"inLanguage":"en-GB"},{"@type":["Person","Organization"],"@id":"https:\/\/erik-marquardt.eu\/en\/#\/schema\/person\/ae6a90f9433e208a6be9ba844e6cff23","name":"Erik Marquardt","image":{"@type":"ImageObject","inLanguage":"en-GB","@id":"http:\/\/erik-marquardt.eu\/wp-content\/uploads\/2025\/12\/erik-markquardt_combined-logo_same-size.svg","url":"http:\/\/erik-marquardt.eu\/wp-content\/uploads\/2025\/12\/erik-markquardt_combined-logo_same-size.svg","contentUrl":"http:\/\/erik-marquardt.eu\/wp-content\/uploads\/2025\/12\/erik-markquardt_combined-logo_same-size.svg","width":370,"height":123,"caption":"Erik Marquardt"},"logo":{"@id":"http:\/\/erik-marquardt.eu\/wp-content\/uploads\/2025\/12\/erik-markquardt_combined-logo_same-size.svg"}}]}},"featured_image_src":null,"featured_image_src_square":null,"jetpack_sharing_enabled":true,"_links":{"self":[{"href":"http:\/\/erik-marquardt.eu\/en\/wp-json\/wp\/v2\/pages\/2098","targetHints":{"allow":["GET"]}}],"collection":[{"href":"http:\/\/erik-marquardt.eu\/en\/wp-json\/wp\/v2\/pages"}],"about":[{"href":"http:\/\/erik-marquardt.eu\/en\/wp-json\/wp\/v2\/types\/page"}],"author":[{"embeddable":true,"href":"http:\/\/erik-marquardt.eu\/en\/wp-json\/wp\/v2\/users\/2"}],"replies":[{"embeddable":true,"href":"http:\/\/erik-marquardt.eu\/en\/wp-json\/wp\/v2\/comments?post=2098"}],"version-history":[{"count":0,"href":"http:\/\/erik-marquardt.eu\/en\/wp-json\/wp\/v2\/pages\/2098\/revisions"}],"wp:attachment":[{"href":"http:\/\/erik-marquardt.eu\/en\/wp-json\/wp\/v2\/media?parent=2098"}],"curies":[{"name":"wp","href":"https:\/\/api.w.org\/{rel}","templated":true}]}}