{"id":1247,"date":"2020-06-15T16:25:15","date_gmt":"2020-06-15T14:25:15","guid":{"rendered":"https:\/\/erik-marquardt.eu\/?page_id=1247"},"modified":"2021-03-07T16:52:19","modified_gmt":"2021-03-07T15:52:19","slug":"kontrollen-an-europas-binnengrenzen-helfen-nicht-gegen-die-pandemie","status":"publish","type":"page","link":"http:\/\/erik-marquardt.eu\/en\/controls-at-europas-internal-borders-dont-help-against-the-pandemic\/","title":{"rendered":"Controls at Europe's internal borders do not help against the pandemic"},"content":{"rendered":"<p>With the<a href=\"https:\/\/erik-marquardt.eu\/wp-content\/uploads\/2020\/06\/2020-06-11-Schengen-sch\u00fctzen-DE-fin.pdf\"> Paper <\/a><em><a href=\"https:\/\/erik-marquardt.eu\/wp-content\/uploads\/2020\/06\/2020-06-11-Schengen-sch\u00fctzen-DE-fin.pdf\">protect Schengen<\/a> <\/em>we, the Greens\/EFA Group in the European Parliament, present a proposal for dealing with the Corona pandemic that works without closing Europe's internal borders. <\/p>\n\n\n\n<p>Because border controls in the European Schengen area jeopardise one of the most important achievements of the integrated Europe: the possibility to travel and live together in a common area without border controls. Border controls at the EU's internal borders separate families and friends, they create borders between long-integrated regions and neighbourhoods, and they undermine the development of new regional cooperation. They tangibly restrict our freedom.&nbsp;<\/p>\n\n\n\n<p>Internal border controls against the Corona pandemic are ineffective and illegal. They do nothing to prevent the spread of the virus, harm the economy and family life in border regions and have serious repercussions on EU citizens' right to free movement.<strong> <\/strong><\/p>\n\n\n\n<h3 class=\"wp-block-heading\">No quick return to normality <\/h3>\n\n\n\n<p>Our call for the protection of freedom of travel in the Schengen area is not a call for a &#8222;return to normality&#8220;. Containment measures against Corona are still necessary when infection rates are high. Keeping a distance, hygiene rules as well as quarantine regulations should continue to apply until a reliable vaccine is available. However, the current focus on border controls is a distraction from real solutions. There are other measures that, unlike border controls, can effectively prevent the spread of the virus. It is therefore all the more unjustified to jeopardise the achievements of the Schengen area.<\/p>\n\n\n\n<p>As of today, most of the internal borders in the EU are open again. However, the closure of Europe's internal borders must not become a habit. Otherwise, we risk one of the European Union's greatest achievements. That we can move freely across large parts of this continent and settle wherever we want.&nbsp;<\/p>\n\n\n\n<p>On the 35th anniversary of Schengen. <a href=\"https:\/\/m.tagesspiegel.de\/politik\/35-jahre-schengen-abkommen-die-schoensten-grenzen-sind-offen\/25914448.html\">guest article in the Tagesspiegel, which you can read under this link<\/a> finds. <\/p>","protected":false},"excerpt":{"rendered":"<p>With the paper Protect Schengen, we, the Greens\/EFA Group in the European Parliament, present a proposal for dealing with the Corona pandemic that works without closing Europe's internal borders. Because border controls in the European Schengen area endanger one of the most important achievements of the integrated Europe: the possibility to travel and live together in a common area without border controls. Border controls &hellip;<\/p>","protected":false},"author":4,"featured_media":1975,"parent":0,"menu_order":0,"comment_status":"closed","ping_status":"closed","template":"","meta":{"_FSMCFIC_featured_image_caption":"","_FSMCFIC_featured_image_nocaption":"","_FSMCFIC_featured_image_hide":"","footnotes":""},"class_list":["post-1247","page","type-page","status-publish","has-post-thumbnail","hentry","post","with-featured-image"],"yoast_head":"<!-- This site is optimized with the Yoast SEO plugin v27.4 - https:\/\/yoast.com\/product\/yoast-seo-wordpress\/ -->\n<title>Kontrollen an Europas Binnengrenzen helfen nicht gegen die Pandemie<\/title>\n<meta name=\"description\" content=\"Dieses Papier zeigt, warum es keinen Sinn macht die europ\u00e4ischen Binnengrenzen zu schlie\u00dfen, um uns vor Corona zu sch\u00fctzen.\" \/>\n<meta name=\"robots\" content=\"index, follow, max-snippet:-1, max-image-preview:large, max-video-preview:-1\" \/>\n<link rel=\"canonical\" href=\"http:\/\/erik-marquardt.eu\/en\/kontrollen-an-europas-binnengrenzen-helfen-nicht-gegen-die-pandemie\/\" \/>\n<meta property=\"og:locale\" content=\"en_GB\" \/>\n<meta property=\"og:type\" content=\"article\" \/>\n<meta property=\"og:title\" content=\"Kontrollen an Europas Binnengrenzen helfen nicht gegen die Pandemie\" \/>\n<meta property=\"og:description\" content=\"Dieses Papier zeigt, warum es keinen Sinn macht die europ\u00e4ischen Binnengrenzen zu schlie\u00dfen, um uns vor Corona zu sch\u00fctzen.\" \/>\n<meta property=\"og:url\" content=\"http:\/\/erik-marquardt.eu\/en\/kontrollen-an-europas-binnengrenzen-helfen-nicht-gegen-die-pandemie\/\" \/>\n<meta property=\"og:site_name\" content=\"Erik Marquardt\" \/>\n<meta property=\"article:modified_time\" content=\"2021-03-07T15:52:19+00:00\" \/>\n<meta property=\"og:image\" content=\"http:\/\/erik-marquardt.eu\/wp-content\/uploads\/2020\/06\/Schengen.jpg\" \/>\n\t<meta property=\"og:image:width\" content=\"1950\" \/>\n\t<meta property=\"og:image:height\" content=\"1300\" \/>\n\t<meta property=\"og:image:type\" content=\"image\/jpeg\" \/>\n<meta name=\"twitter:card\" content=\"summary_large_image\" \/>\n<meta name=\"twitter:title\" content=\"Kontrollen an Europas Binnengrenzen helfen nicht gegen die Pandemie\" \/>\n<meta name=\"twitter:description\" content=\"Dieses Papier zeigt, warum es keinen Sinn macht die europ\u00e4ischen Binnengrenzen zu schlie\u00dfen, um uns vor Corona zu sch\u00fctzen.\" \/>\n<meta name=\"twitter:image\" content=\"http:\/\/erik-marquardt.eu\/wp-content\/uploads\/2020\/06\/Schengen.jpg\" \/>\n<meta name=\"twitter:label1\" content=\"Estimated reading time\" \/>\n\t<meta name=\"twitter:data1\" content=\"2 minutes\" \/>\n<script type=\"application\/ld+json\" class=\"yoast-schema-graph\">{\"@context\":\"https:\\\/\\\/schema.org\",\"@graph\":[{\"@type\":\"WebPage\",\"@id\":\"http:\\\/\\\/erik-marquardt.eu\\\/kontrollen-an-europas-binnengrenzen-helfen-nicht-gegen-die-pandemie\\\/\",\"url\":\"http:\\\/\\\/erik-marquardt.eu\\\/kontrollen-an-europas-binnengrenzen-helfen-nicht-gegen-die-pandemie\\\/\",\"name\":\"Kontrollen an Europas Binnengrenzen helfen nicht gegen die Pandemie\",\"isPartOf\":{\"@id\":\"http:\\\/\\\/erik-marquardt.eu\\\/en\\\/#website\"},\"primaryImageOfPage\":{\"@id\":\"http:\\\/\\\/erik-marquardt.eu\\\/kontrollen-an-europas-binnengrenzen-helfen-nicht-gegen-die-pandemie\\\/#primaryimage\"},\"image\":{\"@id\":\"http:\\\/\\\/erik-marquardt.eu\\\/kontrollen-an-europas-binnengrenzen-helfen-nicht-gegen-die-pandemie\\\/#primaryimage\"},\"thumbnailUrl\":\"http:\\\/\\\/erik-marquardt.eu\\\/wp-content\\\/uploads\\\/2020\\\/06\\\/barbed-wire-1589178_1920.jpg\",\"datePublished\":\"2020-06-15T14:25:15+00:00\",\"dateModified\":\"2021-03-07T15:52:19+00:00\",\"description\":\"Dieses Papier zeigt, warum es keinen Sinn macht die europ\u00e4ischen Binnengrenzen zu schlie\u00dfen, um uns vor Corona zu sch\u00fctzen.\",\"breadcrumb\":{\"@id\":\"http:\\\/\\\/erik-marquardt.eu\\\/kontrollen-an-europas-binnengrenzen-helfen-nicht-gegen-die-pandemie\\\/#breadcrumb\"},\"inLanguage\":\"en-GB\",\"potentialAction\":[{\"@type\":\"ReadAction\",\"target\":[\"http:\\\/\\\/erik-marquardt.eu\\\/kontrollen-an-europas-binnengrenzen-helfen-nicht-gegen-die-pandemie\\\/\"]}]},{\"@type\":\"ImageObject\",\"inLanguage\":\"en-GB\",\"@id\":\"http:\\\/\\\/erik-marquardt.eu\\\/kontrollen-an-europas-binnengrenzen-helfen-nicht-gegen-die-pandemie\\\/#primaryimage\",\"url\":\"http:\\\/\\\/erik-marquardt.eu\\\/wp-content\\\/uploads\\\/2020\\\/06\\\/barbed-wire-1589178_1920.jpg\",\"contentUrl\":\"http:\\\/\\\/erik-marquardt.eu\\\/wp-content\\\/uploads\\\/2020\\\/06\\\/barbed-wire-1589178_1920.jpg\",\"width\":1920,\"height\":1280},{\"@type\":\"BreadcrumbList\",\"@id\":\"http:\\\/\\\/erik-marquardt.eu\\\/kontrollen-an-europas-binnengrenzen-helfen-nicht-gegen-die-pandemie\\\/#breadcrumb\",\"itemListElement\":[{\"@type\":\"ListItem\",\"position\":1,\"name\":\"Startseite\",\"item\":\"http:\\\/\\\/erik-marquardt.eu\\\/en\\\/\"},{\"@type\":\"ListItem\",\"position\":2,\"name\":\"Kontrollen an Europas Binnengrenzen helfen nicht gegen die Pandemie\"}]},{\"@type\":\"WebSite\",\"@id\":\"http:\\\/\\\/erik-marquardt.eu\\\/en\\\/#website\",\"url\":\"http:\\\/\\\/erik-marquardt.eu\\\/en\\\/\",\"name\":\"Erik Marquardt\",\"description\":\"Mitglied des Europ\u00e4ischen Parlaments \",\"publisher\":{\"@id\":\"http:\\\/\\\/erik-marquardt.eu\\\/en\\\/#\\\/schema\\\/person\\\/ae6a90f9433e208a6be9ba844e6cff23\"},\"potentialAction\":[{\"@type\":\"SearchAction\",\"target\":{\"@type\":\"EntryPoint\",\"urlTemplate\":\"http:\\\/\\\/erik-marquardt.eu\\\/en\\\/?s={search_term_string}\"},\"query-input\":{\"@type\":\"PropertyValueSpecification\",\"valueRequired\":true,\"valueName\":\"search_term_string\"}}],\"inLanguage\":\"en-GB\"},{\"@type\":[\"Person\",\"Organization\"],\"@id\":\"http:\\\/\\\/erik-marquardt.eu\\\/en\\\/#\\\/schema\\\/person\\\/ae6a90f9433e208a6be9ba844e6cff23\",\"name\":\"Erik Marquardt\",\"image\":{\"@type\":\"ImageObject\",\"inLanguage\":\"en-GB\",\"@id\":\"http:\\\/\\\/erik-marquardt.eu\\\/wp-content\\\/uploads\\\/2025\\\/12\\\/erik-markquardt_combined-logo_same-size.svg\",\"url\":\"http:\\\/\\\/erik-marquardt.eu\\\/wp-content\\\/uploads\\\/2025\\\/12\\\/erik-markquardt_combined-logo_same-size.svg\",\"contentUrl\":\"http:\\\/\\\/erik-marquardt.eu\\\/wp-content\\\/uploads\\\/2025\\\/12\\\/erik-markquardt_combined-logo_same-size.svg\",\"width\":370,\"height\":123,\"caption\":\"Erik Marquardt\"},\"logo\":{\"@id\":\"http:\\\/\\\/erik-marquardt.eu\\\/wp-content\\\/uploads\\\/2025\\\/12\\\/erik-markquardt_combined-logo_same-size.svg\"}}]}<\/script>\n<!-- \/ Yoast SEO plugin. -->","yoast_head_json":{"title":"Controls at Europe's internal borders do not help against the pandemic","description":"This paper shows why it makes no sense to close Europe's internal borders to protect us from Corona.","robots":{"index":"index","follow":"follow","max-snippet":"max-snippet:-1","max-image-preview":"max-image-preview:large","max-video-preview":"max-video-preview:-1"},"canonical":"http:\/\/erik-marquardt.eu\/en\/kontrollen-an-europas-binnengrenzen-helfen-nicht-gegen-die-pandemie\/","og_locale":"en_GB","og_type":"article","og_title":"Kontrollen an Europas Binnengrenzen helfen nicht gegen die Pandemie","og_description":"Dieses Papier zeigt, warum es keinen Sinn macht die europ\u00e4ischen Binnengrenzen zu schlie\u00dfen, um uns vor Corona zu sch\u00fctzen.","og_url":"http:\/\/erik-marquardt.eu\/en\/kontrollen-an-europas-binnengrenzen-helfen-nicht-gegen-die-pandemie\/","og_site_name":"Erik Marquardt","article_modified_time":"2021-03-07T15:52:19+00:00","og_image":[{"width":1950,"height":1300,"url":"http:\/\/erik-marquardt.eu\/wp-content\/uploads\/2020\/06\/Schengen.jpg","type":"image\/jpeg"}],"twitter_card":"summary_large_image","twitter_title":"Kontrollen an Europas Binnengrenzen helfen nicht gegen die Pandemie","twitter_description":"Dieses Papier zeigt, warum es keinen Sinn macht die europ\u00e4ischen Binnengrenzen zu schlie\u00dfen, um uns vor Corona zu sch\u00fctzen.","twitter_image":"http:\/\/erik-marquardt.eu\/wp-content\/uploads\/2020\/06\/Schengen.jpg","twitter_misc":{"Estimated reading time":"2 minutes"},"schema":{"@context":"https:\/\/schema.org","@graph":[{"@type":"WebPage","@id":"http:\/\/erik-marquardt.eu\/kontrollen-an-europas-binnengrenzen-helfen-nicht-gegen-die-pandemie\/","url":"http:\/\/erik-marquardt.eu\/kontrollen-an-europas-binnengrenzen-helfen-nicht-gegen-die-pandemie\/","name":"Controls at Europe's internal borders do not help against the pandemic","isPartOf":{"@id":"http:\/\/erik-marquardt.eu\/en\/#website"},"primaryImageOfPage":{"@id":"http:\/\/erik-marquardt.eu\/kontrollen-an-europas-binnengrenzen-helfen-nicht-gegen-die-pandemie\/#primaryimage"},"image":{"@id":"http:\/\/erik-marquardt.eu\/kontrollen-an-europas-binnengrenzen-helfen-nicht-gegen-die-pandemie\/#primaryimage"},"thumbnailUrl":"http:\/\/erik-marquardt.eu\/wp-content\/uploads\/2020\/06\/barbed-wire-1589178_1920.jpg","datePublished":"2020-06-15T14:25:15+00:00","dateModified":"2021-03-07T15:52:19+00:00","description":"This paper shows why it makes no sense to close Europe's internal borders to protect us from Corona.","breadcrumb":{"@id":"http:\/\/erik-marquardt.eu\/kontrollen-an-europas-binnengrenzen-helfen-nicht-gegen-die-pandemie\/#breadcrumb"},"inLanguage":"en-GB","potentialAction":[{"@type":"ReadAction","target":["http:\/\/erik-marquardt.eu\/kontrollen-an-europas-binnengrenzen-helfen-nicht-gegen-die-pandemie\/"]}]},{"@type":"ImageObject","inLanguage":"en-GB","@id":"http:\/\/erik-marquardt.eu\/kontrollen-an-europas-binnengrenzen-helfen-nicht-gegen-die-pandemie\/#primaryimage","url":"http:\/\/erik-marquardt.eu\/wp-content\/uploads\/2020\/06\/barbed-wire-1589178_1920.jpg","contentUrl":"http:\/\/erik-marquardt.eu\/wp-content\/uploads\/2020\/06\/barbed-wire-1589178_1920.jpg","width":1920,"height":1280},{"@type":"BreadcrumbList","@id":"http:\/\/erik-marquardt.eu\/kontrollen-an-europas-binnengrenzen-helfen-nicht-gegen-die-pandemie\/#breadcrumb","itemListElement":[{"@type":"ListItem","position":1,"name":"Startseite","item":"http:\/\/erik-marquardt.eu\/en\/"},{"@type":"ListItem","position":2,"name":"Kontrollen an Europas Binnengrenzen helfen nicht gegen die Pandemie"}]},{"@type":"WebSite","@id":"http:\/\/erik-marquardt.eu\/en\/#website","url":"http:\/\/erik-marquardt.eu\/en\/","name":"Erik Marquardt","description":"Member of the European Parliament","publisher":{"@id":"http:\/\/erik-marquardt.eu\/en\/#\/schema\/person\/ae6a90f9433e208a6be9ba844e6cff23"},"potentialAction":[{"@type":"SearchAction","target":{"@type":"EntryPoint","urlTemplate":"http:\/\/erik-marquardt.eu\/en\/?s={search_term_string}"},"query-input":{"@type":"PropertyValueSpecification","valueRequired":true,"valueName":"search_term_string"}}],"inLanguage":"en-GB"},{"@type":["Person","Organization"],"@id":"http:\/\/erik-marquardt.eu\/en\/#\/schema\/person\/ae6a90f9433e208a6be9ba844e6cff23","name":"Erik Marquardt","image":{"@type":"ImageObject","inLanguage":"en-GB","@id":"http:\/\/erik-marquardt.eu\/wp-content\/uploads\/2025\/12\/erik-markquardt_combined-logo_same-size.svg","url":"http:\/\/erik-marquardt.eu\/wp-content\/uploads\/2025\/12\/erik-markquardt_combined-logo_same-size.svg","contentUrl":"http:\/\/erik-marquardt.eu\/wp-content\/uploads\/2025\/12\/erik-markquardt_combined-logo_same-size.svg","width":370,"height":123,"caption":"Erik Marquardt"},"logo":{"@id":"http:\/\/erik-marquardt.eu\/wp-content\/uploads\/2025\/12\/erik-markquardt_combined-logo_same-size.svg"}}]}},"featured_image_src":"http:\/\/erik-marquardt.eu\/wp-content\/uploads\/2020\/06\/barbed-wire-1589178_1920.jpg","featured_image_src_square":"http:\/\/erik-marquardt.eu\/wp-content\/uploads\/2020\/06\/barbed-wire-1589178_1920.jpg","jetpack_sharing_enabled":true,"_links":{"self":[{"href":"http:\/\/erik-marquardt.eu\/en\/wp-json\/wp\/v2\/pages\/1247","targetHints":{"allow":["GET"]}}],"collection":[{"href":"http:\/\/erik-marquardt.eu\/en\/wp-json\/wp\/v2\/pages"}],"about":[{"href":"http:\/\/erik-marquardt.eu\/en\/wp-json\/wp\/v2\/types\/page"}],"author":[{"embeddable":true,"href":"http:\/\/erik-marquardt.eu\/en\/wp-json\/wp\/v2\/users\/4"}],"replies":[{"embeddable":true,"href":"http:\/\/erik-marquardt.eu\/en\/wp-json\/wp\/v2\/comments?post=1247"}],"version-history":[{"count":0,"href":"http:\/\/erik-marquardt.eu\/en\/wp-json\/wp\/v2\/pages\/1247\/revisions"}],"wp:featuredmedia":[{"embeddable":true,"href":"http:\/\/erik-marquardt.eu\/en\/wp-json\/wp\/v2\/media\/1975"}],"wp:attachment":[{"href":"http:\/\/erik-marquardt.eu\/en\/wp-json\/wp\/v2\/media?parent=1247"}],"curies":[{"name":"wp","href":"https:\/\/api.w.org\/{rel}","templated":true}]}}